{"id":933,"date":"2020-03-29T17:09:24","date_gmt":"2020-03-29T15:09:24","guid":{"rendered":"https:\/\/labellabio.com\/?page_id=933"},"modified":"2020-03-29T21:28:54","modified_gmt":"2020-03-29T19:28:54","slug":"contacta-con-la-bella-bio-clean-beauty","status":"publish","type":"page","link":"https:\/\/labellabio.com\/index.php\/contacta-con-la-bella-bio-clean-beauty\/","title":{"rendered":"Cont\u00e1ctanos"},"content":{"rendered":"\t\t<div data-elementor-type=\"wp-page\" data-elementor-id=\"933\" class=\"elementor elementor-933\">\n\t\t\t\t\t\t<div class=\"elementor-inner\">\n\t\t\t\t<div class=\"elementor-section-wrap\">\n\t\t\t\t\t\t\t\t\t<section class=\"elementor-section elementor-top-section elementor-element elementor-element-273daec elementor-section-boxed elementor-section-height-default elementor-section-height-default\" data-id=\"273daec\" data-element_type=\"section\">\n\t\t\t\t\t\t<div class=\"elementor-container elementor-column-gap-default\">\n\t\t\t\t\t\t\t<div class=\"elementor-row\">\n\t\t\t\t\t<div class=\"elementor-column elementor-col-100 elementor-top-column elementor-element elementor-element-e6d4c3f\" data-id=\"e6d4c3f\" data-element_type=\"column\">\n\t\t\t<div class=\"elementor-column-wrap elementor-element-populated\">\n\t\t\t\t\t\t\t<div class=\"elementor-widget-wrap\">\n\t\t\t\t\t\t<div class=\"elementor-element elementor-element-d70a499 animated-slow elementor-invisible elementor-widget elementor-widget-heading\" data-id=\"d70a499\" data-element_type=\"widget\" data-settings=\"{&quot;_animation&quot;:&quot;fadeInLeft&quot;}\" data-widget_type=\"heading.default\">\n\t\t\t\t<div class=\"elementor-widget-container\">\n\t\t\t<h2 class=\"elementor-heading-title elementor-size-large\">CONTACTO<\/h2>\t\t<\/div>\n\t\t\t\t<\/div>\n\t\t\t\t<div class=\"elementor-element elementor-element-834361e animated-slow elementor-invisible elementor-widget elementor-widget-text-editor\" data-id=\"834361e\" data-element_type=\"widget\" data-settings=\"{&quot;_animation&quot;:&quot;fadeInLeft&quot;}\" data-widget_type=\"text-editor.default\">\n\t\t\t\t<div class=\"elementor-widget-container\">\n\t\t\t\t\t\t\t\t<div class=\"elementor-text-editor elementor-clearfix\">\n\t\t\t\t<p>Si deseas ponerte en contacto con La Bella Bio para hacernos alguna consulta o resolver alguna duda, puedes enviar un correo electr\u00f3nico a info@labellabio.com o rellenar este formulario. Tambi\u00e9n puedes ponerte en contacto conmigo envi\u00e1ndome un whatsapp al 646403512.<\/p><p>Estar\u00e9 encantada de atenderte.<\/p>\t\t\t\t\t<\/div>\n\t\t\t\t\t\t<\/div>\n\t\t\t\t<\/div>\n\t\t\t\t<div class=\"elementor-element elementor-element-193a7a5 elementor-widget elementor-widget-text-editor\" data-id=\"193a7a5\" data-element_type=\"widget\" data-widget_type=\"text-editor.default\">\n\t\t\t\t<div class=\"elementor-widget-container\">\n\t\t\t\t\t\t\t\t<div class=\"elementor-text-editor elementor-clearfix\">\n\t\t\t\t<h4>\u00a0<\/h4>\t\t\t\t\t<\/div>\n\t\t\t\t\t\t<\/div>\n\t\t\t\t<\/div>\n\t\t\t\t\t\t<\/div>\n\t\t\t\t\t<\/div>\n\t\t<\/div>\n\t\t\t\t\t\t\t\t<\/div>\n\t\t\t\t\t<\/div>\n\t\t<\/section>\n\t\t\t\t<section class=\"elementor-section elementor-top-section elementor-element elementor-element-3309e23 elementor-section-boxed elementor-section-height-default elementor-section-height-default\" data-id=\"3309e23\" data-element_type=\"section\">\n\t\t\t\t\t\t<div class=\"elementor-container elementor-column-gap-default\">\n\t\t\t\t\t\t\t<div class=\"elementor-row\">\n\t\t\t\t\t<div class=\"elementor-column elementor-col-66 elementor-top-column elementor-element elementor-element-508a605\" data-id=\"508a605\" data-element_type=\"column\">\n\t\t\t<div class=\"elementor-column-wrap elementor-element-populated\">\n\t\t\t\t\t\t\t<div class=\"elementor-widget-wrap\">\n\t\t\t\t\t\t<div class=\"elementor-element elementor-element-1d64245 elementor-widget elementor-widget-image\" data-id=\"1d64245\" data-element_type=\"widget\" data-widget_type=\"image.default\">\n\t\t\t\t<div class=\"elementor-widget-container\">\n\t\t\t\t\t\t\t\t<div class=\"elementor-image\">\n\t\t\t\t\t\t\t\t\t\t\t\t<img loading=\"lazy\" decoding=\"async\" width=\"733\" height=\"1024\" src=\"https:\/\/labellabio.com\/wp-content\/uploads\/2020\/03\/LIFE-IS-BEAUTY-FULL-scaled-e1585507682940-733x1024.jpg\" class=\"attachment-large size-large\" alt=\"contacta la bella bio clean beauty\" srcset=\"https:\/\/labellabio.com\/wp-content\/uploads\/2020\/03\/LIFE-IS-BEAUTY-FULL-scaled-e1585507682940-733x1024.jpg 733w, https:\/\/labellabio.com\/wp-content\/uploads\/2020\/03\/LIFE-IS-BEAUTY-FULL-scaled-e1585507682940-215x300.jpg 215w, https:\/\/labellabio.com\/wp-content\/uploads\/2020\/03\/LIFE-IS-BEAUTY-FULL-scaled-e1585507682940-768x1073.jpg 768w, https:\/\/labellabio.com\/wp-content\/uploads\/2020\/03\/LIFE-IS-BEAUTY-FULL-scaled-e1585507682940-1099x1536.jpg 1099w, https:\/\/labellabio.com\/wp-content\/uploads\/2020\/03\/LIFE-IS-BEAUTY-FULL-scaled-e1585507682940-600x839.jpg 600w, https:\/\/labellabio.com\/wp-content\/uploads\/2020\/03\/LIFE-IS-BEAUTY-FULL-scaled-e1585507682940.jpg 1222w\" sizes=\"auto, (max-width: 733px) 100vw, 733px\" \/>\t\t\t\t\t\t\t\t\t\t\t\t\t\t<\/div>\n\t\t\t\t\t\t<\/div>\n\t\t\t\t<\/div>\n\t\t\t\t\t\t<\/div>\n\t\t\t\t\t<\/div>\n\t\t<\/div>\n\t\t\t\t<div class=\"elementor-column elementor-col-33 elementor-top-column elementor-element elementor-element-4164acc\" data-id=\"4164acc\" data-element_type=\"column\">\n\t\t\t<div class=\"elementor-column-wrap elementor-element-populated\">\n\t\t\t\t\t\t\t<div class=\"elementor-widget-wrap\">\n\t\t\t\t\t\t<div class=\"elementor-element elementor-element-a97406f elementor-invisible elementor-widget elementor-widget-wp-widget-ninja_forms_widget\" data-id=\"a97406f\" data-element_type=\"widget\" data-settings=\"{&quot;_animation&quot;:&quot;fadeInRight&quot;}\" data-widget_type=\"wp-widget-ninja_forms_widget.default\">\n\t\t\t\t<div class=\"elementor-widget-container\">\n\t\t\t<noscript class=\"ninja-forms-noscript-message\">\n    Notice: JavaScript is required for this content.<\/noscript><div id=\"nf-form-2-cont\" class=\"nf-form-cont\" aria-live=\"polite\" aria-labelledby=\"nf-form-title-2\" aria-describedby=\"nf-form-errors-2\" role=\"form\">\n\n    <div class=\"nf-loading-spinner\"><\/div>\n\n<\/div>\n        <!-- TODO: Move to Template File. -->\n        <script>var formDisplay=1;var nfForms=nfForms||[];var form=[];form.id='2';form.settings={\"objectType\":\"Form Setting\",\"editActive\":true,\"title\":\"FORMULARIO DE CONTACTO B\\u00c1SICO\",\"show_title\":0,\"allow_public_link\":0,\"embed_form\":\"\",\"clear_complete\":1,\"hide_complete\":1,\"default_label_pos\":\"above\",\"wrapper_class\":\"\",\"element_class\":\"\",\"key\":\"\",\"add_submit\":0,\"currency\":\"\",\"unique_field_error\":\"Ya se ha enviado un formulario con este valor.\",\"logged_in\":false,\"not_logged_in_msg\":\"\",\"sub_limit_msg\":\"Has alcanzado el l\\u00edmite de env\\u00edos en el formulario.\",\"calculations\":[],\"formContentData\":[\"firstname_1584530051472\",\"apellido_1584530305235\",\"telefono_1584530359846\",\"email_1584530057482\",\"comentarios_1584530372382\",\"submit_1584530092489\",\"he_leido_y_acepto_la_menos_que_a_href_https_labellabio_com_nota-legal_target_blank_mas_que_nota_legal_menos_que_a_mas_que_y_la_menos_que_a_href_https_labellabio_com_politica-de-privacidad_target_blank_mas_que_politica_de_privacidad_menos_que_a_mas_que_1584530563391\",\"html_1584530189662\"],\"changeEmailErrorMsg\":\"Please enter a valid email address!\",\"changeDateErrorMsg\":\"Please enter a valid date!\",\"confirmFieldErrorMsg\":\"These fields must match!\",\"fieldNumberNumMinError\":\"Number Min Error\",\"fieldNumberNumMaxError\":\"Number Max Error\",\"fieldNumberIncrementBy\":\"Please increment by \",\"formErrorsCorrectErrors\":\"Please correct errors before submitting this form.\",\"validateRequiredField\":\"This is a required field.\",\"honeypotHoneypotError\":\"Honeypot Error\",\"fieldsMarkedRequired\":\"Fields marked with an <span class=\\\"ninja-forms-req-symbol\\\">*<\\\/span> are required\",\"drawerDisabled\":false,\"ninjaForms\":\"Ninja Forms\",\"fieldTextareaRTEInsertLink\":\"Insert Link\",\"fieldTextareaRTEInsertMedia\":\"Insert Media\",\"fieldTextareaRTESelectAFile\":\"Select a file\",\"formHoneypot\":\"If you are a human seeing this field, please leave it empty.\",\"fileUploadOldCodeFileUploadInProgress\":\"File Upload in Progress.\",\"fileUploadOldCodeFileUpload\":\"FILE UPLOAD\",\"currencySymbol\":false,\"thousands_sep\":\".\",\"decimal_point\":\",\",\"siteLocale\":\"es_ES\",\"dateFormat\":\"m\\\/d\\\/Y\",\"startOfWeek\":\"1\",\"of\":\"of\",\"previousMonth\":\"Previous Month\",\"nextMonth\":\"Next Month\",\"months\":[\"January\",\"February\",\"March\",\"April\",\"May\",\"June\",\"July\",\"August\",\"September\",\"October\",\"November\",\"December\"],\"monthsShort\":[\"Jan\",\"Feb\",\"Mar\",\"Apr\",\"May\",\"Jun\",\"Jul\",\"Aug\",\"Sep\",\"Oct\",\"Nov\",\"Dec\"],\"weekdays\":[\"Sunday\",\"Monday\",\"Tuesday\",\"Wednesday\",\"Thursday\",\"Friday\",\"Saturday\"],\"weekdaysShort\":[\"Sun\",\"Mon\",\"Tue\",\"Wed\",\"Thu\",\"Fri\",\"Sat\"],\"weekdaysMin\":[\"Su\",\"Mo\",\"Tu\",\"We\",\"Th\",\"Fr\",\"Sa\"],\"currency_symbol\":\"\",\"beforeForm\":\"\",\"beforeFields\":\"\",\"afterFields\":\"\",\"afterForm\":\"\"};form.fields=[{\"objectType\":\"Field\",\"objectDomain\":\"fields\",\"editActive\":false,\"order\":1,\"type\":\"firstname\",\"label\":\"Nombre\",\"key\":\"firstname_1584530051472\",\"label_pos\":\"above\",\"required\":1,\"default\":\"\",\"placeholder\":\"\",\"container_class\":\"\",\"element_class\":\"\",\"admin_label\":\"\",\"help_text\":\"\",\"custom_name_attribute\":\"fname\",\"personally_identifiable\":1,\"value\":\"\",\"id\":5,\"beforeField\":\"\",\"afterField\":\"\",\"parentType\":\"firstname\",\"element_templates\":[\"firstname\",\"input\"],\"old_classname\":\"\",\"wrap_template\":\"wrap\"},{\"objectType\":\"Field\",\"objectDomain\":\"fields\",\"editActive\":false,\"order\":2,\"type\":\"lastname\",\"label\":\"Apellido\",\"key\":\"apellido_1584530305235\",\"label_pos\":\"above\",\"required\":1,\"default\":\"\",\"placeholder\":\"\",\"container_class\":\"\",\"element_class\":\"\",\"admin_label\":\"\",\"help_text\":\"\",\"custom_name_attribute\":\"lname\",\"personally_identifiable\":1,\"value\":\"\",\"id\":6,\"beforeField\":\"\",\"afterField\":\"\",\"parentType\":\"lastname\",\"element_templates\":[\"lastname\",\"input\"],\"old_classname\":\"\",\"wrap_template\":\"wrap\"},{\"objectType\":\"Field\",\"objectDomain\":\"fields\",\"editActive\":false,\"order\":3,\"label\":\"Tel\\u00e9fono\",\"type\":\"phone\",\"key\":\"telefono_1584530359846\",\"label_pos\":\"above\",\"required\":1,\"default\":\"\",\"placeholder\":\"\",\"container_class\":\"\",\"element_class\":\"\",\"input_limit\":\"\",\"input_limit_type\":\"characters\",\"input_limit_msg\":\"Caracteres restantes\",\"manual_key\":false,\"admin_label\":\"\",\"help_text\":\"\",\"mask\":\"\",\"custom_mask\":\"\",\"custom_name_attribute\":\"phone\",\"personally_identifiable\":1,\"value\":\"\",\"id\":7,\"beforeField\":\"\",\"afterField\":\"\",\"parentType\":\"textbox\",\"element_templates\":[\"tel\",\"textbox\",\"input\"],\"old_classname\":\"\",\"wrap_template\":\"wrap\"},{\"objectType\":\"Field\",\"objectDomain\":\"fields\",\"editActive\":false,\"order\":4,\"type\":\"email\",\"label\":\"Correo electr\\u00f3nico\",\"key\":\"email_1584530057482\",\"label_pos\":\"above\",\"required\":1,\"default\":\"\",\"placeholder\":\"\",\"container_class\":\"\",\"element_class\":\"\",\"admin_label\":\"\",\"help_text\":\"\",\"custom_name_attribute\":\"email\",\"personally_identifiable\":1,\"value\":\"\",\"id\":8,\"beforeField\":\"\",\"afterField\":\"\",\"parentType\":\"email\",\"element_templates\":[\"email\",\"input\"],\"old_classname\":\"\",\"wrap_template\":\"wrap\"},{\"objectType\":\"Field\",\"objectDomain\":\"fields\",\"editActive\":false,\"order\":5,\"type\":\"textarea\",\"label\":\"Comentarios\",\"key\":\"comentarios_1584530372382\",\"label_pos\":\"above\",\"required\":1,\"default\":\"\",\"placeholder\":\"\",\"container_class\":\"\",\"element_class\":\"\",\"input_limit\":\"\",\"input_limit_type\":\"characters\",\"input_limit_msg\":\"Caracteres restantes\",\"manual_key\":false,\"admin_label\":\"\",\"help_text\":\"\",\"textarea_rte\":\"\",\"disable_rte_mobile\":\"\",\"textarea_media\":\"\",\"value\":\"\",\"id\":9,\"beforeField\":\"\",\"afterField\":\"\",\"parentType\":\"textarea\",\"element_templates\":[\"textarea\",\"input\"],\"old_classname\":\"\",\"wrap_template\":\"wrap\"},{\"objectType\":\"Field\",\"objectDomain\":\"fields\",\"editActive\":false,\"order\":6,\"type\":\"submit\",\"label\":\"Enviar\",\"processing_label\":\"Procesando\",\"container_class\":\"\",\"element_class\":\"\",\"key\":\"submit_1584530092489\",\"id\":10,\"beforeField\":\"\",\"afterField\":\"\",\"value\":\"\",\"label_pos\":\"above\",\"parentType\":\"textbox\",\"element_templates\":[\"submit\",\"button\",\"input\"],\"old_classname\":\"\",\"wrap_template\":\"wrap-no-label\"},{\"objectType\":\"Field\",\"objectDomain\":\"fields\",\"editActive\":false,\"order\":7,\"type\":\"checkbox\",\"label\":\"He le\\u00eddo y acepto la <a href=\\\"https:\\\/\\\/labellabio.com\\\/nota-legal\\\/\\\" target=\\\"blank\\\">Nota Legal <\\\/a>y la <a href=\\\" https:\\\/\\\/labellabio.com\\\/politica-de-privacidad\\\/\\\" target=\\\"blank\\\">Pol\\u00edtica de Privacidad<\\\/a>\",\"key\":\"he_leido_y_acepto_la_menos_que_a_href_https_labellabio_com_nota-legal_target_blank_mas_que_nota_legal_menos_que_a_mas_que_y_la_menos_que_a_href_https_labellabio_com_politica-de-privacidad_target_blank_mas_que_politica_de_privacidad_menos_que_a_mas_que_1584530563391\",\"label_pos\":\"right\",\"required\":1,\"container_class\":\"\",\"element_class\":\"\",\"manual_key\":false,\"admin_label\":\"\",\"help_text\":\"\",\"default_value\":\"unchecked\",\"checked_value\":\"Marcado\",\"unchecked_value\":\"Desmarcado\",\"checked_calc_value\":\"\",\"unchecked_calc_value\":\"\",\"id\":11,\"beforeField\":\"\",\"afterField\":\"\",\"value\":\"\",\"parentType\":\"checkbox\",\"element_templates\":[\"checkbox\",\"input\"],\"old_classname\":\"\",\"wrap_template\":\"wrap\"},{\"objectType\":\"Field\",\"objectDomain\":\"fields\",\"editActive\":false,\"order\":8,\"label\":\"HTML\",\"type\":\"html\",\"default\":\"<small><strong>Responsable<\\\/strong>:Ana Manch\\u00f3n Marti<br>\\n<strong>Finalidad<\\\/strong>: La finalidad de la recogida y tratamiento de los datos personales que te solicito es para gestionar la solicitud que realizas en este formulario de contacto.<br>\\n<strong>Legitimaci\\u00f3n<\\\/strong>: Tu consentimiento expl\\u00edcito de que quieres recibir esta informaci\\u00f3n<br>\\n<strong>Destinatarios<\\\/strong>: Los datos que me facilitas est\\u00e1n en mi servidor de web y email <\\\/small><small><span id=\\\"nf-drawer-content\\\"><span class=\\\"nf-setting-groups\\\"><span class=\\\"nf-field-settings\\\"><small><a target=\\\"_blank\\\" href=\\\"https:\\\/\\\/www.ovh.es\\\/soporte\\\/aviso-legal\\\/#data-perso\\\">OVH<\\\/a><\\\/small><\\\/span><\\\/span><\\\/span>, en <a href=\\\"https:\\\/\\\/mailchimp.com\\\/legal\\\/privacy\\\">Mailchimp<\\\/a>, mi programa de gesti\\u00f3n de clientes y email marketing y en los servidores de <a target=\\\"_blank\\\" href=\\\" https:\\\/\\\/policies.google.com\\\/privacy?hl=es\\\">Google  Drive<\\\/a>, todos ellos que cumplen con la RGPD. <br>\\n<strong>Derechos<\\\/strong>: Podr\\u00e1s ejercer tus derechos de acceso, rectificaci\\u00f3n, limitaci\\u00f3n y suprimir los datos en info@labellabio.com as\\u00ed como el derecho a presentar una reclamaci\\u00f3n ante una autoridad de control.<br><\\\/small>\\n\",\"container_class\":\"\",\"element_class\":\"\",\"key\":\"html_1584530189662\",\"drawerDisabled\":false,\"id\":12,\"beforeField\":\"\",\"afterField\":\"\",\"value\":\"<small><strong>Responsable<\\\/strong>:Ana Manch\\u00f3n Marti<br>\\n<strong>Finalidad<\\\/strong>: La finalidad de la recogida y tratamiento de los datos personales que te solicito es para gestionar la solicitud que realizas en este formulario de contacto.<br>\\n<strong>Legitimaci\\u00f3n<\\\/strong>: Tu consentimiento expl\\u00edcito de que quieres recibir esta informaci\\u00f3n<br>\\n<strong>Destinatarios<\\\/strong>: Los datos que me facilitas est\\u00e1n en mi servidor de web y email <\\\/small><small><span id=\\\"nf-drawer-content\\\"><span class=\\\"nf-setting-groups\\\"><span class=\\\"nf-field-settings\\\"><small><a target=\\\"_blank\\\" href=\\\"https:\\\/\\\/www.ovh.es\\\/soporte\\\/aviso-legal\\\/#data-perso\\\">OVH<\\\/a><\\\/small><\\\/span><\\\/span><\\\/span>, en <a href=\\\"https:\\\/\\\/mailchimp.com\\\/legal\\\/privacy\\\">Mailchimp<\\\/a>, mi programa de gesti\\u00f3n de clientes y email marketing y en los servidores de <a target=\\\"_blank\\\" href=\\\" https:\\\/\\\/policies.google.com\\\/privacy?hl=es\\\">Google  Drive<\\\/a>, todos ellos que cumplen con la RGPD. <br>\\n<strong>Derechos<\\\/strong>: Podr\\u00e1s ejercer tus derechos de acceso, rectificaci\\u00f3n, limitaci\\u00f3n y suprimir los datos en info@labellabio.com as\\u00ed como el derecho a presentar una reclamaci\\u00f3n ante una autoridad de control.<br><\\\/small>\\n\",\"label_pos\":\"above\",\"parentType\":\"html\",\"element_templates\":[\"html\",\"input\"],\"old_classname\":\"\",\"wrap_template\":\"wrap\"}];nfForms.push(form);<\/script>\n        \t\t<\/div>\n\t\t\t\t<\/div>\n\t\t\t\t\t\t<\/div>\n\t\t\t\t\t<\/div>\n\t\t<\/div>\n\t\t\t\t\t\t\t\t<\/div>\n\t\t\t\t\t<\/div>\n\t\t<\/section>\n\t\t\t\t\t\t\t\t\t<\/div>\n\t\t\t<\/div>\n\t\t\t\t\t<\/div>\n\t\t<!-- AddThis Advanced Settings generic via filter on the_content --><!-- AddThis Share Buttons generic via filter on the_content -->","protected":false},"excerpt":{"rendered":"<p>CONTACTO Si deseas ponerte en contacto con La Bella Bio para hacernos alguna consulta o resolver alguna duda, puedes enviar un correo electr\u00f3nico a info@labellabio.com o rellenar este formulario. Tambi\u00e9n&hellip;&nbsp;<a href=\"https:\/\/labellabio.com\/index.php\/contacta-con-la-bella-bio-clean-beauty\/\" class=\"\" rel=\"bookmark\">Leer m\u00e1s &raquo;<span class=\"screen-reader-text\">Cont\u00e1ctanos<\/span><\/a><!-- AddThis Advanced Settings generic via filter on get_the_excerpt --><!-- AddThis Share Buttons generic via filter on get_the_excerpt --><\/p>\n","protected":false},"author":1,"featured_media":0,"parent":0,"menu_order":0,"comment_status":"closed","ping_status":"closed","template":"page-templates\/template-pagebuilder-full-width.php","meta":{"footnotes":""},"class_list":["post-933","page","type-page","status-publish","hentry"],"_links":{"self":[{"href":"https:\/\/labellabio.com\/index.php\/wp-json\/wp\/v2\/pages\/933","targetHints":{"allow":["GET"]}}],"collection":[{"href":"https:\/\/labellabio.com\/index.php\/wp-json\/wp\/v2\/pages"}],"about":[{"href":"https:\/\/labellabio.com\/index.php\/wp-json\/wp\/v2\/types\/page"}],"author":[{"embeddable":true,"href":"https:\/\/labellabio.com\/index.php\/wp-json\/wp\/v2\/users\/1"}],"replies":[{"embeddable":true,"href":"https:\/\/labellabio.com\/index.php\/wp-json\/wp\/v2\/comments?post=933"}],"version-history":[{"count":50,"href":"https:\/\/labellabio.com\/index.php\/wp-json\/wp\/v2\/pages\/933\/revisions"}],"predecessor-version":[{"id":1001,"href":"https:\/\/labellabio.com\/index.php\/wp-json\/wp\/v2\/pages\/933\/revisions\/1001"}],"wp:attachment":[{"href":"https:\/\/labellabio.com\/index.php\/wp-json\/wp\/v2\/media?parent=933"}],"curies":[{"name":"wp","href":"https:\/\/api.w.org\/{rel}","templated":true}]}}