{"id":919,"date":"2020-03-28T14:51:15","date_gmt":"2020-03-28T13:51:15","guid":{"rendered":"https:\/\/labellabio.com\/?page_id=919"},"modified":"2021-10-10T19:03:54","modified_gmt":"2021-10-10T17:03:54","slug":"quien-soy-2","status":"publish","type":"page","link":"https:\/\/labellabio.com\/index.php\/quien-soy-2\/","title":{"rendered":"QUIEN SOY"},"content":{"rendered":"\t\t<div data-elementor-type=\"wp-page\" data-elementor-id=\"919\" class=\"elementor elementor-919\">\n\t\t\t\t\t\t<div class=\"elementor-inner\">\n\t\t\t\t<div class=\"elementor-section-wrap\">\n\t\t\t\t\t\t\t\t\t<section class=\"elementor-section elementor-top-section elementor-element elementor-element-aac3aae elementor-section-boxed elementor-section-height-default elementor-section-height-default\" data-id=\"aac3aae\" data-element_type=\"section\">\n\t\t\t\t\t\t<div class=\"elementor-container elementor-column-gap-default\">\n\t\t\t\t\t\t\t<div class=\"elementor-row\">\n\t\t\t\t\t<div class=\"elementor-column elementor-col-100 elementor-top-column elementor-element elementor-element-b84897e\" data-id=\"b84897e\" data-element_type=\"column\">\n\t\t\t<div class=\"elementor-column-wrap elementor-element-populated\">\n\t\t\t\t\t\t\t<div class=\"elementor-widget-wrap\">\n\t\t\t\t\t\t<div class=\"elementor-element elementor-element-3b4b2bf animated-slow elementor-invisible elementor-widget elementor-widget-heading\" data-id=\"3b4b2bf\" data-element_type=\"widget\" data-settings=\"{&quot;_animation&quot;:&quot;fadeInLeft&quot;}\" data-widget_type=\"heading.default\">\n\t\t\t\t<div class=\"elementor-widget-container\">\n\t\t\t<h2 class=\"elementor-heading-title elementor-size-default\">\u00bf Qui\u00e9n soy?<\/h2>\t\t<\/div>\n\t\t\t\t<\/div>\n\t\t\t\t<section class=\"elementor-section elementor-inner-section elementor-element elementor-element-54f48dd elementor-section-boxed elementor-section-height-default elementor-section-height-default\" data-id=\"54f48dd\" data-element_type=\"section\">\n\t\t\t\t\t\t<div class=\"elementor-container elementor-column-gap-default\">\n\t\t\t\t\t\t\t<div class=\"elementor-row\">\n\t\t\t\t\t<div class=\"elementor-column elementor-col-50 elementor-inner-column elementor-element elementor-element-0e162bd\" data-id=\"0e162bd\" data-element_type=\"column\">\n\t\t\t<div class=\"elementor-column-wrap elementor-element-populated\">\n\t\t\t\t\t\t\t<div class=\"elementor-widget-wrap\">\n\t\t\t\t\t\t<div class=\"elementor-element elementor-element-d8adfce animated-slow elementor-invisible elementor-widget elementor-widget-image\" data-id=\"d8adfce\" data-element_type=\"widget\" data-settings=\"{&quot;_animation&quot;:&quot;fadeInLeft&quot;}\" data-widget_type=\"image.default\">\n\t\t\t\t<div class=\"elementor-widget-container\">\n\t\t\t\t\t\t\t\t<div class=\"elementor-image\">\n\t\t\t\t\t\t\t\t\t\t\t\t<img loading=\"lazy\" decoding=\"async\" width=\"768\" height=\"1024\" src=\"https:\/\/labellabio.com\/wp-content\/uploads\/2020\/08\/QUIEN-SOY-768x1024.jpg\" class=\"attachment-medium_large size-medium_large\" alt=\"Quien soy Facialista Belleza Econatural La Bella Bio\" srcset=\"https:\/\/labellabio.com\/wp-content\/uploads\/2020\/08\/QUIEN-SOY-768x1024.jpg 768w, https:\/\/labellabio.com\/wp-content\/uploads\/2020\/08\/QUIEN-SOY-225x300.jpg 225w, https:\/\/labellabio.com\/wp-content\/uploads\/2020\/08\/QUIEN-SOY-1152x1536.jpg 1152w, https:\/\/labellabio.com\/wp-content\/uploads\/2020\/08\/QUIEN-SOY-1536x2048.jpg 1536w, https:\/\/labellabio.com\/wp-content\/uploads\/2020\/08\/QUIEN-SOY-600x800.jpg 600w, https:\/\/labellabio.com\/wp-content\/uploads\/2020\/08\/QUIEN-SOY-scaled-e1596622989164.jpg 300w\" sizes=\"auto, (max-width: 768px) 100vw, 768px\" \/>\t\t\t\t\t\t\t\t\t\t\t\t\t\t<\/div>\n\t\t\t\t\t\t<\/div>\n\t\t\t\t<\/div>\n\t\t\t\t\t\t<\/div>\n\t\t\t\t\t<\/div>\n\t\t<\/div>\n\t\t\t\t<div class=\"elementor-column elementor-col-50 elementor-inner-column elementor-element elementor-element-f08f556\" data-id=\"f08f556\" data-element_type=\"column\">\n\t\t\t<div class=\"elementor-column-wrap elementor-element-populated\">\n\t\t\t\t\t\t\t<div class=\"elementor-widget-wrap\">\n\t\t\t\t\t\t<div class=\"elementor-element elementor-element-da74e09 animated-slow elementor-widget-mobile__width-initial elementor-invisible elementor-widget elementor-widget-text-editor\" data-id=\"da74e09\" data-element_type=\"widget\" data-settings=\"{&quot;_animation&quot;:&quot;fadeInRight&quot;}\" data-widget_type=\"text-editor.default\">\n\t\t\t\t<div class=\"elementor-widget-container\">\n\t\t\t\t\t\t\t\t<div class=\"elementor-text-editor elementor-clearfix\">\n\t\t\t\t<p>Me presento. Soy Anna Manch\u00f3n y desde antes de nacer mi vida est\u00e1 unida a la belleza. Mi madre es estilista y yo he crecido entre mujeres que deseaban estar bellas. Desde peque\u00f1a aprend\u00ed mucho sobre psicolog\u00eda, paciencia y discreci\u00f3n.<\/p><p>Desde el 2005 me dedico a ofrecer a la mujeres una\u00a0 alternativa natural a los tratamientos de belleza convencionales.<\/p><p>Me apasiona crear tratamientos \u00fanicos para cada persona y observar la relaci\u00f3n que existe entre el estado emocional y f\u00edsico, y la piel. Porque el cuerpo nos habla y lo hace a trav\u00e9s de la piel. Entender su lenguaje es la base para revertir sus desequilibrios.<\/p><div>Mi misi\u00f3n es ofrecerte soluciones y cuidados naturales relacionados con la belleza y el bienestar des de un punto de vista terap\u00e9utico, integral y hol\u00edstico y a\u00a0 la vez de una manera agradable.<\/div>\t\t\t\t\t<\/div>\n\t\t\t\t\t\t<\/div>\n\t\t\t\t<\/div>\n\t\t\t\t\t\t<\/div>\n\t\t\t\t\t<\/div>\n\t\t<\/div>\n\t\t\t\t\t\t\t\t<\/div>\n\t\t\t\t\t<\/div>\n\t\t<\/section>\n\t\t\t\t<div class=\"elementor-element elementor-element-d26fccb animated-slow elementor-widget__width-initial elementor-widget-tablet__width-initial elementor-widget-mobile__width-initial elementor-invisible elementor-widget elementor-widget-text-editor\" data-id=\"d26fccb\" data-element_type=\"widget\" data-settings=\"{&quot;_animation&quot;:&quot;fadeInUp&quot;}\" data-widget_type=\"text-editor.default\">\n\t\t\t\t<div class=\"elementor-widget-container\">\n\t\t\t\t\t\t\t\t<div class=\"elementor-text-editor elementor-clearfix\">\n\t\t\t\t<p>Gracias a la Aromaterapia y a las terapias con las que trabajo puedo personalizar cada tratamiento que realizo en funci\u00f3n de como te sientas o&nbsp;&nbsp; se sienta tu piel. Para m\u00ed esto representa la LIBERTAD!!! Libertad para poder ofrecerte&nbsp; lo que,&nbsp; desde mi conocimiento es lo mejor para&nbsp; ti.&nbsp; &nbsp; <br><\/p>\n<p>Disfruto much\u00edsimo trabajando en esta direcci\u00f3n, donde est\u00e9tica y terapia se unen y ver salir a mis clientas felices, relajadas y rejuvenecidas&#8230;.sabiendo que <b>su belleza exterior es el reflejo de su equilibrio interior.<\/b> <br><\/p>\n<p><\/p>\t\t\t\t\t<\/div>\n\t\t\t\t\t\t<\/div>\n\t\t\t\t<\/div>\n\t\t\t\t<div class=\"elementor-element elementor-element-d41b5bf elementor-widget elementor-widget-text-editor\" data-id=\"d41b5bf\" data-element_type=\"widget\" data-widget_type=\"text-editor.default\">\n\t\t\t\t<div class=\"elementor-widget-container\">\n\t\t\t\t\t\t\t\t<div class=\"elementor-text-editor elementor-clearfix\">\n\t\t\t\t<p><span style=\"text-decoration: underline;\">FORMACI\u00d3N<\/span><\/p>\t\t\t\t\t<\/div>\n\t\t\t\t\t\t<\/div>\n\t\t\t\t<\/div>\n\t\t\t\t<div class=\"elementor-element elementor-element-d0e36f5 animated-slow elementor-widget__width-initial elementor-widget-mobile__width-initial elementor-invisible elementor-widget elementor-widget-text-editor\" data-id=\"d0e36f5\" data-element_type=\"widget\" data-settings=\"{&quot;_animation&quot;:&quot;fadeInUp&quot;}\" data-widget_type=\"text-editor.default\">\n\t\t\t\t<div class=\"elementor-widget-container\">\n\t\t\t\t\t\t\t\t<div class=\"elementor-text-editor elementor-clearfix\">\n\t\t\t\t<p>Mi formaci\u00f3n como terapeuta\u00a0 empieza en el a\u00f1o 1997 en la Escuela VIPASSANA cursando <strong>Quiromasaje terap\u00e9utico, Drenaje Linf\u00e1tico, Reflexolog\u00eda podal y Reiki.<\/strong><\/p><div>En el a\u00f1o 2000 empiezo mi formaci\u00f3n en <strong>Tratamientos faciales y corporales<\/strong> en la escuela THUYA donde adquiero los conocimientos relacionados con la biolog\u00eda de la piel, sus necesidades y cuidados profesionales de una manera totalmente convencional.<\/div><div>Tambi\u00e9n en el 2000 realizo un curso profesional de <strong>Maquillaje<\/strong> en la Escuela CAZCARRA.<\/div><div>\u00a0<\/div><div>Entre los a\u00f1os 2008-10 me formo en <strong>Aromaterapia aplicada a la est\u00e9tica<\/strong> con la marca de Cosm\u00e9tica Vegetal GANDIVA, en la Escuela JATIER, ya que en esos momentos mis tratamientos son fruto de mi formaci\u00f3n convencional, por una parte, y la autodidacta en cuanto a productos vegetales.<\/div><div>\u00a0<\/div><div>En 2014 empiezo a investigar sobre m\u00e9todos de depilaci\u00f3n natural y realizo las formaciones en <strong>Depilaci\u00f3n con hilo<\/strong> en la Escuela JATIER y <strong>Depilaci\u00f3n con pasta de az\u00facar<\/strong> o <strong>SUGARING.<\/strong><\/div><div>\u00a0<\/div><div>En 2016 busco ampliar mis conocimientos en Aromaterapia porque observo limitaciones en relaci\u00f3n a las terapias. Empiezo con dos monogr\u00e1ficos, uno sobre <strong>Neuro<\/strong> y <strong>Dermocosm\u00e9tica con aceites esenciales<\/strong> y el otro sobre <strong>Gesti\u00f3n del estr\u00e9s<\/strong>\u00a0 de la mano de Antonia Jover. Encantada con la informaci\u00f3n recibida, me apunto al curso de Antonia Jover de <strong>Aromaterapia seg\u00fan la escuela francesa<\/strong> de 9 meses de duraci\u00f3n y experimento un aumento de la efectividad en mis tratamientos tanto est\u00e9ticos como terap\u00e9uticos, gracias al conocimiento en la\u00a0 bioqu\u00edmica de los aceites esenciales, indicaciones y contraindicaciones y sus diluciones. A nivel personal, la Aromaterapia siempre est\u00e1 presente en mi dia\u00a0 a dia para cuidar de m\u00ed y de mi familia.<\/div><div>\u00a0<\/div><div>La motivaci\u00f3n por hacer m\u00e1s efectivos mis tratamientos antiedad, me lleva a cursar los dos niveles de <strong>KOBIDO<\/strong> <strong>Masaje Lifting Facial Japon\u00e9s<\/strong> en la Escuela Japonesa de Shiatsu de Barcelona en el a\u00f1o 2017.<\/div><div>Por aquel entonces, yo ya me hab\u00eda interesado por la <strong>Reflexolog\u00eda Facial.<\/strong><\/div><div>Y, causalidades de la vida, mi profesora de Kobido hab\u00eda realizado el primer nivel de <strong>Multirreflexolog\u00eda Facial Vietnamita- Dien Chan<\/strong> hac\u00eda muy poquito. Gracias a\u00a0 ella y a la Escuela Japonesa de Shiatsu de Barcelona pude realizar el primer nivel de Dien Chan y el curso <strong>Chan\u00b4Beaut\u00e9<\/strong> ( <strong>Reflexolog\u00eda Facial aplicada a la est\u00e9tica<\/strong>) con Anna Roca, con la que m\u00e1s tarde realizar\u00eda tambi\u00e9n el segundo y el tercer nivel.<\/div><div>\u00a0<\/div><div>Es gracias al\u00a0 Dien Chan cuando siento que el c\u00edrculo se cierra. Cuando siento que cuento con las herramientas necesarias para poder realizar un trabajo realmente hol\u00edstico gracias a su potencia y profundidad.<\/div><div>\u00a0<\/div><div>Quiz\u00e1s ahora entiendas un poco mejor el concepto de <strong>Belleza m\u00e1s all\u00e1 de la piel<\/strong>.<\/div><div>No me conformo solo con mejorar su aspecto externo. Para m\u00ed es importante ir a la causa que provoca lo que te preocupa. Quiero que te sientas bien con tu piel y en tu piel, mejorar la calidad de vida de las personas que conf\u00edan en m\u00ed, poder aliviar sus tensiones y su estr\u00e9s y hacerles la vida un poco m\u00e1s f\u00e1cil y agradable. Crear un lugar de paz donde se sientan en confianza para aportarles el bienestar f\u00edsico y emocional con el que alcanzar la belleza deseada.<\/div>\t\t\t\t\t<\/div>\n\t\t\t\t\t\t<\/div>\n\t\t\t\t<\/div>\n\t\t\t\t\t\t<\/div>\n\t\t\t\t\t<\/div>\n\t\t<\/div>\n\t\t\t\t\t\t\t\t<\/div>\n\t\t\t\t\t<\/div>\n\t\t<\/section>\n\t\t\t\t\t\t\t\t\t<\/div>\n\t\t\t<\/div>\n\t\t\t\t\t<\/div>\n\t\t<!-- AddThis Advanced Settings generic via filter on the_content --><!-- AddThis Share Buttons generic via filter on the_content -->","protected":false},"excerpt":{"rendered":"<p>\u00bf Qui\u00e9n soy? Me presento. Soy Anna Manch\u00f3n y desde antes de nacer mi vida est\u00e1 unida a la belleza. Mi madre es estilista y yo he crecido entre mujeres&hellip;&nbsp;<a href=\"https:\/\/labellabio.com\/index.php\/quien-soy-2\/\" class=\"\" rel=\"bookmark\">Leer m\u00e1s &raquo;<span class=\"screen-reader-text\">QUIEN SOY<\/span><\/a><!-- AddThis Advanced Settings generic via filter on get_the_excerpt --><!-- AddThis Share Buttons generic via filter on get_the_excerpt --><\/p>\n","protected":false},"author":1,"featured_media":0,"parent":0,"menu_order":0,"comment_status":"closed","ping_status":"closed","template":"page-templates\/template-pagebuilder-full-width.php","meta":{"footnotes":""},"class_list":["post-919","page","type-page","status-publish","hentry"],"_links":{"self":[{"href":"https:\/\/labellabio.com\/index.php\/wp-json\/wp\/v2\/pages\/919","targetHints":{"allow":["GET"]}}],"collection":[{"href":"https:\/\/labellabio.com\/index.php\/wp-json\/wp\/v2\/pages"}],"about":[{"href":"https:\/\/labellabio.com\/index.php\/wp-json\/wp\/v2\/types\/page"}],"author":[{"embeddable":true,"href":"https:\/\/labellabio.com\/index.php\/wp-json\/wp\/v2\/users\/1"}],"replies":[{"embeddable":true,"href":"https:\/\/labellabio.com\/index.php\/wp-json\/wp\/v2\/comments?post=919"}],"version-history":[{"count":37,"href":"https:\/\/labellabio.com\/index.php\/wp-json\/wp\/v2\/pages\/919\/revisions"}],"predecessor-version":[{"id":1237,"href":"https:\/\/labellabio.com\/index.php\/wp-json\/wp\/v2\/pages\/919\/revisions\/1237"}],"wp:attachment":[{"href":"https:\/\/labellabio.com\/index.php\/wp-json\/wp\/v2\/media?parent=919"}],"curies":[{"name":"wp","href":"https:\/\/api.w.org\/{rel}","templated":true}]}}