{"id":856,"date":"2020-03-26T19:40:42","date_gmt":"2020-03-26T18:40:42","guid":{"rendered":"https:\/\/labellabio.com\/?page_id=856"},"modified":"2026-01-19T18:53:42","modified_gmt":"2026-01-19T17:53:42","slug":"rituales-corporales-botanicos","status":"publish","type":"page","link":"https:\/\/labellabio.com\/index.php\/rituales-corporales-botanicos\/","title":{"rendered":"Corporales"},"content":{"rendered":"\t\t<div data-elementor-type=\"wp-page\" data-elementor-id=\"856\" class=\"elementor elementor-856\">\n\t\t\t\t\t\t<div class=\"elementor-inner\">\n\t\t\t\t<div class=\"elementor-section-wrap\">\n\t\t\t\t\t\t\t\t\t<section class=\"elementor-section elementor-top-section elementor-element elementor-element-410cca6 elementor-section-boxed elementor-section-height-default elementor-section-height-default\" data-id=\"410cca6\" data-element_type=\"section\">\n\t\t\t\t\t\t<div class=\"elementor-container elementor-column-gap-default\">\n\t\t\t\t\t\t\t<div class=\"elementor-row\">\n\t\t\t\t\t<div class=\"elementor-column elementor-col-100 elementor-top-column elementor-element elementor-element-4be937b\" data-id=\"4be937b\" data-element_type=\"column\">\n\t\t\t<div class=\"elementor-column-wrap elementor-element-populated\">\n\t\t\t\t\t\t\t<div class=\"elementor-widget-wrap\">\n\t\t\t\t\t\t<div class=\"elementor-element elementor-element-4d37819 elementor-widget elementor-widget-heading\" data-id=\"4d37819\" data-element_type=\"widget\" data-widget_type=\"heading.default\">\n\t\t\t\t<div class=\"elementor-widget-container\">\n\t\t\t<h2 class=\"elementor-heading-title elementor-size-xl\">Corporales<\/h2>\t\t<\/div>\n\t\t\t\t<\/div>\n\t\t\t\t<div class=\"elementor-element elementor-element-274e73a elementor-widget elementor-widget-image\" data-id=\"274e73a\" data-element_type=\"widget\" data-widget_type=\"image.default\">\n\t\t\t\t<div class=\"elementor-widget-container\">\n\t\t\t\t\t\t\t\t<div class=\"elementor-image\">\n\t\t\t\t\t\t\t\t\t\t\t\t<img decoding=\"async\" src=\"https:\/\/labellabio.com\/wp-content\/uploads\/elementor\/thumbs\/Maderoterapia-2-e1614020087564-p392io7tygco58lphly9w2772xwunlu0clrpjy9jy8.jpg\" title=\"Maderoterapia corporal\" alt=\"Maderoterapia corporal\" \/>\t\t\t\t\t\t\t\t\t\t\t\t\t\t<\/div>\n\t\t\t\t\t\t<\/div>\n\t\t\t\t<\/div>\n\t\t\t\t\t\t<\/div>\n\t\t\t\t\t<\/div>\n\t\t<\/div>\n\t\t\t\t\t\t\t\t<\/div>\n\t\t\t\t\t<\/div>\n\t\t<\/section>\n\t\t\t\t<section class=\"elementor-section elementor-top-section elementor-element elementor-element-da8a2b1 elementor-section-boxed elementor-section-height-default elementor-section-height-default\" data-id=\"da8a2b1\" data-element_type=\"section\">\n\t\t\t\t\t\t<div class=\"elementor-container elementor-column-gap-default\">\n\t\t\t\t\t\t\t<div class=\"elementor-row\">\n\t\t\t\t\t<div class=\"elementor-column elementor-col-100 elementor-top-column elementor-element elementor-element-3ca82fa\" data-id=\"3ca82fa\" data-element_type=\"column\">\n\t\t\t<div class=\"elementor-column-wrap elementor-element-populated\">\n\t\t\t\t\t\t\t<div class=\"elementor-widget-wrap\">\n\t\t\t\t\t\t<div class=\"elementor-element elementor-element-e24912f animated-slow elementor-invisible elementor-widget elementor-widget-text-editor\" data-id=\"e24912f\" data-element_type=\"widget\" data-settings=\"{&quot;_animation&quot;:&quot;fadeInUp&quot;}\" data-widget_type=\"text-editor.default\">\n\t\t\t\t<div class=\"elementor-widget-container\">\n\t\t\t\t\t\t\t\t<div class=\"elementor-text-editor elementor-clearfix\">\n\t\t\t\t<p>Nuestros Rituales Bot\u00e1nicos son un viaje hacia tu belleza real que proviene sobretodo, de tu bienestar y tu equilibrio interior.<\/p><p>Nuestros activos, procedentes de la Naturaleza, ser\u00e1n cuidadosamente elegidos y preparados para ti en el momento, para alimentar y mimar tu piel desde todos los sentidos. \u00a0 \u00a0 \u00a0 \u00a0 \u00a0<\/p><p>Nuestras manos trabajar\u00e1n t\u00e9cnicas procedentes de la Medicina Tradicional China y las Terapias Integrativas para solucionar aquellos desequilibrios en los que tenemos que trabajar a un nivel m\u00e1s profundo. <\/p>\t\t\t\t\t<\/div>\n\t\t\t\t\t\t<\/div>\n\t\t\t\t<\/div>\n\t\t\t\t<div class=\"elementor-element elementor-element-485563f animated-slow elementor-invisible elementor-widget elementor-widget-text-editor\" data-id=\"485563f\" data-element_type=\"widget\" data-settings=\"{&quot;_animation&quot;:&quot;fadeIn&quot;}\" data-widget_type=\"text-editor.default\">\n\t\t\t\t<div class=\"elementor-widget-container\">\n\t\t\t\t\t\t\t\t<div class=\"elementor-text-editor elementor-clearfix\">\n\t\t\t\t<p>Pure Back Essence<\/p>\n<p><\/p>\t\t\t\t\t<\/div>\n\t\t\t\t\t\t<\/div>\n\t\t\t\t<\/div>\n\t\t\t\t\t\t<\/div>\n\t\t\t\t\t<\/div>\n\t\t<\/div>\n\t\t\t\t\t\t\t\t<\/div>\n\t\t\t\t\t<\/div>\n\t\t<\/section>\n\t\t\t\t<section class=\"elementor-section elementor-top-section elementor-element elementor-element-c2704bd elementor-section-boxed elementor-section-height-default elementor-section-height-default\" data-id=\"c2704bd\" data-element_type=\"section\">\n\t\t\t\t\t\t<div class=\"elementor-container elementor-column-gap-default\">\n\t\t\t\t\t\t\t<div class=\"elementor-row\">\n\t\t\t\t\t<div class=\"elementor-column elementor-col-100 elementor-top-column elementor-element elementor-element-705fb8a\" data-id=\"705fb8a\" data-element_type=\"column\">\n\t\t\t<div class=\"elementor-column-wrap elementor-element-populated\">\n\t\t\t\t\t\t\t<div class=\"elementor-widget-wrap\">\n\t\t\t\t\t\t<section class=\"elementor-section elementor-inner-section elementor-element elementor-element-cecbdf3 elementor-section-boxed elementor-section-height-default elementor-section-height-default\" data-id=\"cecbdf3\" data-element_type=\"section\">\n\t\t\t\t\t\t<div class=\"elementor-container elementor-column-gap-default\">\n\t\t\t\t\t\t\t<div class=\"elementor-row\">\n\t\t\t\t\t<div class=\"elementor-column elementor-col-50 elementor-inner-column elementor-element elementor-element-d68fc88\" data-id=\"d68fc88\" data-element_type=\"column\">\n\t\t\t<div class=\"elementor-column-wrap elementor-element-populated\">\n\t\t\t\t\t\t\t<div class=\"elementor-widget-wrap\">\n\t\t\t\t\t\t<div class=\"elementor-element elementor-element-c4bffe1 animated-slow elementor-invisible elementor-widget elementor-widget-text-editor\" data-id=\"c4bffe1\" data-element_type=\"widget\" data-settings=\"{&quot;_animation&quot;:&quot;fadeInLeft&quot;}\" data-widget_type=\"text-editor.default\">\n\t\t\t\t<div class=\"elementor-widget-container\">\n\t\t\t\t\t\t\t\t<div class=\"elementor-text-editor elementor-clearfix\">\n\t\t\t\t<p>Deliciosa limpieza de espalda que incluye un peeling de sales de lavanda, seguido de un detox con vapor, extracci\u00f3n de impurezas y la aplicaci\u00f3n de\u00a0 de arcilla verde, micronizado de plantas e hidrolatos.<\/p><p>Finalizamos con un masaje relajante para hidratar y nutrir la piel con una sinergia personalizada de aceites vegetales y esenciales.<\/p><div style=\"text-align: center;\">90 minutos&#8230;69\u20ac<\/div>\t\t\t\t\t<\/div>\n\t\t\t\t\t\t<\/div>\n\t\t\t\t<\/div>\n\t\t\t\t\t\t<\/div>\n\t\t\t\t\t<\/div>\n\t\t<\/div>\n\t\t\t\t<div class=\"elementor-column elementor-col-50 elementor-inner-column elementor-element elementor-element-804dd7b\" data-id=\"804dd7b\" data-element_type=\"column\">\n\t\t\t<div class=\"elementor-column-wrap elementor-element-populated\">\n\t\t\t\t\t\t\t<div class=\"elementor-widget-wrap\">\n\t\t\t\t\t\t<div class=\"elementor-element elementor-element-6ac2d1c animated-slow elementor-invisible elementor-widget elementor-widget-image\" data-id=\"6ac2d1c\" data-element_type=\"widget\" data-settings=\"{&quot;_animation&quot;:&quot;fadeInRight&quot;}\" data-widget_type=\"image.default\">\n\t\t\t\t<div class=\"elementor-widget-container\">\n\t\t\t\t\t\t\t\t<div class=\"elementor-image\">\n\t\t\t\t\t\t\t\t\t\t\t\t<img loading=\"lazy\" decoding=\"async\" width=\"1024\" height=\"617\" src=\"https:\/\/labellabio.com\/wp-content\/uploads\/2022\/07\/MASSATGE-ESQUENA-LA-BELLA-BIO-2-e1658686930128-1024x617.jpg\" class=\"attachment-large size-large\" alt=\"MASAJE RELAJANTE LA BELLA BIO\" srcset=\"https:\/\/labellabio.com\/wp-content\/uploads\/2022\/07\/MASSATGE-ESQUENA-LA-BELLA-BIO-2-e1658686930128-1024x617.jpg 1024w, https:\/\/labellabio.com\/wp-content\/uploads\/2022\/07\/MASSATGE-ESQUENA-LA-BELLA-BIO-2-e1658686930128-300x181.jpg 300w, https:\/\/labellabio.com\/wp-content\/uploads\/2022\/07\/MASSATGE-ESQUENA-LA-BELLA-BIO-2-e1658686930128-768x463.jpg 768w, https:\/\/labellabio.com\/wp-content\/uploads\/2022\/07\/MASSATGE-ESQUENA-LA-BELLA-BIO-2-e1658686930128-1536x926.jpg 1536w, https:\/\/labellabio.com\/wp-content\/uploads\/2022\/07\/MASSATGE-ESQUENA-LA-BELLA-BIO-2-e1658686930128.jpg 1792w\" sizes=\"auto, (max-width: 1024px) 100vw, 1024px\" \/>\t\t\t\t\t\t\t\t\t\t\t\t\t\t<\/div>\n\t\t\t\t\t\t<\/div>\n\t\t\t\t<\/div>\n\t\t\t\t\t\t<\/div>\n\t\t\t\t\t<\/div>\n\t\t<\/div>\n\t\t\t\t\t\t\t\t<\/div>\n\t\t\t\t\t<\/div>\n\t\t<\/section>\n\t\t\t\t<div class=\"elementor-element elementor-element-62e97f0 animated-slow elementor-invisible elementor-widget elementor-widget-text-editor\" data-id=\"62e97f0\" data-element_type=\"widget\" data-settings=\"{&quot;_animation&quot;:&quot;fadeIn&quot;}\" data-widget_type=\"text-editor.default\">\n\t\t\t\t<div class=\"elementor-widget-container\">\n\t\t\t\t\t\t\t\t<div class=\"elementor-text-editor elementor-clearfix\">\n\t\t\t\t<p>MY Skin Therapy<\/p>\t\t\t\t\t<\/div>\n\t\t\t\t\t\t<\/div>\n\t\t\t\t<\/div>\n\t\t\t\t\t\t<\/div>\n\t\t\t\t\t<\/div>\n\t\t<\/div>\n\t\t\t\t\t\t\t\t<\/div>\n\t\t\t\t\t<\/div>\n\t\t<\/section>\n\t\t\t\t<section class=\"elementor-section elementor-top-section elementor-element elementor-element-02120a5 elementor-section-boxed elementor-section-height-default elementor-section-height-default\" data-id=\"02120a5\" data-element_type=\"section\">\n\t\t\t\t\t\t<div class=\"elementor-container elementor-column-gap-default\">\n\t\t\t\t\t\t\t<div class=\"elementor-row\">\n\t\t\t\t\t<div class=\"elementor-column elementor-col-100 elementor-top-column elementor-element elementor-element-d120615\" data-id=\"d120615\" data-element_type=\"column\">\n\t\t\t<div class=\"elementor-column-wrap elementor-element-populated\">\n\t\t\t\t\t\t\t<div class=\"elementor-widget-wrap\">\n\t\t\t\t\t\t<section class=\"elementor-section elementor-inner-section elementor-element elementor-element-e3f2f62 elementor-section-boxed elementor-section-height-default elementor-section-height-default\" data-id=\"e3f2f62\" data-element_type=\"section\">\n\t\t\t\t\t\t<div class=\"elementor-container elementor-column-gap-default\">\n\t\t\t\t\t\t\t<div class=\"elementor-row\">\n\t\t\t\t\t<div class=\"elementor-column elementor-col-50 elementor-inner-column elementor-element elementor-element-a4f5e81\" data-id=\"a4f5e81\" data-element_type=\"column\">\n\t\t\t<div class=\"elementor-column-wrap elementor-element-populated\">\n\t\t\t\t\t\t\t<div class=\"elementor-widget-wrap\">\n\t\t\t\t\t\t<div class=\"elementor-element elementor-element-b8abd41 animated-slow elementor-invisible elementor-widget elementor-widget-image\" data-id=\"b8abd41\" data-element_type=\"widget\" data-settings=\"{&quot;_animation&quot;:&quot;fadeInLeft&quot;}\" data-widget_type=\"image.default\">\n\t\t\t\t<div class=\"elementor-widget-container\">\n\t\t\t\t\t\t\t\t<div class=\"elementor-image\">\n\t\t\t\t\t\t\t\t\t\t\t\t<img loading=\"lazy\" decoding=\"async\" width=\"768\" height=\"432\" src=\"https:\/\/labellabio.com\/wp-content\/uploads\/2022\/07\/MASSATGE-CAMES-LA-BELLA-BIO-768x432.jpg\" class=\"attachment-medium_large size-medium_large\" alt=\"DRENAJE LINF\u00c1TICO MANUAL LA BELLA BIO\" srcset=\"https:\/\/labellabio.com\/wp-content\/uploads\/2022\/07\/MASSATGE-CAMES-LA-BELLA-BIO-768x432.jpg 768w, https:\/\/labellabio.com\/wp-content\/uploads\/2022\/07\/MASSATGE-CAMES-LA-BELLA-BIO-300x169.jpg 300w, https:\/\/labellabio.com\/wp-content\/uploads\/2022\/07\/MASSATGE-CAMES-LA-BELLA-BIO-1024x575.jpg 1024w, https:\/\/labellabio.com\/wp-content\/uploads\/2022\/07\/MASSATGE-CAMES-LA-BELLA-BIO-1536x863.jpg 1536w, https:\/\/labellabio.com\/wp-content\/uploads\/2022\/07\/MASSATGE-CAMES-LA-BELLA-BIO-e1658685692730.jpg 1922w\" sizes=\"auto, (max-width: 768px) 100vw, 768px\" \/>\t\t\t\t\t\t\t\t\t\t\t\t\t\t<\/div>\n\t\t\t\t\t\t<\/div>\n\t\t\t\t<\/div>\n\t\t\t\t\t\t<\/div>\n\t\t\t\t\t<\/div>\n\t\t<\/div>\n\t\t\t\t<div class=\"elementor-column elementor-col-50 elementor-inner-column elementor-element elementor-element-b51bdf9\" data-id=\"b51bdf9\" data-element_type=\"column\">\n\t\t\t<div class=\"elementor-column-wrap elementor-element-populated\">\n\t\t\t\t\t\t\t<div class=\"elementor-widget-wrap\">\n\t\t\t\t\t\t<div class=\"elementor-element elementor-element-eef766e animated-slow elementor-invisible elementor-widget elementor-widget-text-editor\" data-id=\"eef766e\" data-element_type=\"widget\" data-settings=\"{&quot;_animation&quot;:&quot;fadeInRight&quot;}\" data-widget_type=\"text-editor.default\">\n\t\t\t\t<div class=\"elementor-widget-container\">\n\t\t\t\t\t\t\t\t<div class=\"elementor-text-editor elementor-clearfix\">\n\t\t\t\t<p style=\"text-align: center;\">\u00a0MY Skin Therapy son rituales est\u00e9tico-terap\u00e9uticos realizados con productos vegetales y cosm\u00e9tica Bio.<\/p><p>Son rituales de autor, puesto que adaptamos cada ritual a tus necesidades. Para ello aplicaremos t\u00e9cnicas tan poderosas como el Dien Chan- Reflexolog\u00eda Facial Vietnamita, Maderoterapia o el Drenaje linf\u00e1tico manual. Su aplicaci\u00f3n no es invasiva ni dolorosa, al contrario, proporciona una relajaci\u00f3n absoluta en todo el cuerpo.<\/p><p>CELULITIS &#8211; GRASA LOCALIZADA &#8211; RETENCI\u00d3N DE L\u00cdQUIDOS &#8211; CICATRICES<\/p><p>PRESUPUESTO PERSONALIZADO<\/p>\t\t\t\t\t<\/div>\n\t\t\t\t\t\t<\/div>\n\t\t\t\t<\/div>\n\t\t\t\t\t\t<\/div>\n\t\t\t\t\t<\/div>\n\t\t<\/div>\n\t\t\t\t\t\t\t\t<\/div>\n\t\t\t\t\t<\/div>\n\t\t<\/section>\n\t\t\t\t<div class=\"elementor-element elementor-element-79cf6e4 animated-slow elementor-invisible elementor-widget elementor-widget-text-editor\" data-id=\"79cf6e4\" data-element_type=\"widget\" data-settings=\"{&quot;_animation&quot;:&quot;fadeIn&quot;}\" data-widget_type=\"text-editor.default\">\n\t\t\t\t<div class=\"elementor-widget-container\">\n\t\t\t\t\t\t\t\t<div class=\"elementor-text-editor elementor-clearfix\">\n\t\t\t\t<p>Masajes Corporales<\/p>\t\t\t\t\t<\/div>\n\t\t\t\t\t\t<\/div>\n\t\t\t\t<\/div>\n\t\t\t\t<section class=\"elementor-section elementor-inner-section elementor-element elementor-element-f9ea4aa elementor-section-boxed elementor-section-height-default elementor-section-height-default\" data-id=\"f9ea4aa\" data-element_type=\"section\">\n\t\t\t\t\t\t<div class=\"elementor-container elementor-column-gap-default\">\n\t\t\t\t\t\t\t<div class=\"elementor-row\">\n\t\t\t\t\t<div class=\"elementor-column elementor-col-50 elementor-inner-column elementor-element elementor-element-788c9c9\" data-id=\"788c9c9\" data-element_type=\"column\">\n\t\t\t<div class=\"elementor-column-wrap elementor-element-populated\">\n\t\t\t\t\t\t\t<div class=\"elementor-widget-wrap\">\n\t\t\t\t\t\t<div class=\"elementor-element elementor-element-c028475 animated-slow elementor-invisible elementor-widget elementor-widget-text-editor\" data-id=\"c028475\" data-element_type=\"widget\" data-settings=\"{&quot;_animation&quot;:&quot;fadeInLeft&quot;}\" data-widget_type=\"text-editor.default\">\n\t\t\t\t<div class=\"elementor-widget-container\">\n\t\t\t\t\t\t\t\t<div class=\"elementor-text-editor elementor-clearfix\">\n\t\t\t\t<p style=\"text-align: center;\">Disfruta de nuestros masajes manuales y \/ o con herramientas de Reflexolog\u00eda Facial Vietnamita o Maderoterapia, para reducir volumen, tonificar, eliminar grasas o l\u00edquidos corporales y mejorar la circulaci\u00f3n sangu\u00ednea y linf\u00e1tica. <br \/>Siempre acompa\u00f1ados de sinergias aromaterap\u00e9uticas para potenciar el efecto del masaje.<\/p><p style=\"text-align: center;\"><span style=\"text-decoration: underline;\">MADEROTERAPIA<\/span><\/p><p style=\"text-align: center;\">Masaje realizado con herramientas de madera para reducir volumen, celulitis y grasa localizada de manera agradable y sin dolor.<span style=\"text-decoration: underline;\"><br \/><\/span><\/p><div>60 minutos..65\u20ac<\/div><div>75 minutos&#8230;72\u20ac<\/div><div>90 minutos&#8230;78\u20ac<\/div><div>120 minutos&#8230;90\u20ac<\/div>\t\t\t\t\t<\/div>\n\t\t\t\t\t\t<\/div>\n\t\t\t\t<\/div>\n\t\t\t\t\t\t<\/div>\n\t\t\t\t\t<\/div>\n\t\t<\/div>\n\t\t\t\t<div class=\"elementor-column elementor-col-50 elementor-inner-column elementor-element elementor-element-2840383\" data-id=\"2840383\" data-element_type=\"column\">\n\t\t\t<div class=\"elementor-column-wrap elementor-element-populated\">\n\t\t\t\t\t\t\t<div class=\"elementor-widget-wrap\">\n\t\t\t\t\t\t<div class=\"elementor-element elementor-element-5421800 animated-slow elementor-invisible elementor-widget elementor-widget-image\" data-id=\"5421800\" data-element_type=\"widget\" data-settings=\"{&quot;_animation&quot;:&quot;fadeInRight&quot;}\" data-widget_type=\"image.default\">\n\t\t\t\t<div class=\"elementor-widget-container\">\n\t\t\t\t\t\t\t\t<div class=\"elementor-image\">\n\t\t\t\t\t\t\t\t\t\t\t\t<img loading=\"lazy\" decoding=\"async\" width=\"930\" height=\"620\" src=\"https:\/\/labellabio.com\/wp-content\/uploads\/2022\/07\/MADEROTERAPIA-LA-BELLA-BIO-e1658687861628-930x620.jpg\" class=\"attachment-neve-blog size-neve-blog\" alt=\"MADEROTERAPIA LA BELLA BIO\" \/>\t\t\t\t\t\t\t\t\t\t\t\t\t\t<\/div>\n\t\t\t\t\t\t<\/div>\n\t\t\t\t<\/div>\n\t\t\t\t\t\t<\/div>\n\t\t\t\t\t<\/div>\n\t\t<\/div>\n\t\t\t\t\t\t\t\t<\/div>\n\t\t\t\t\t<\/div>\n\t\t<\/section>\n\t\t\t\t\t\t<\/div>\n\t\t\t\t\t<\/div>\n\t\t<\/div>\n\t\t\t\t\t\t\t\t<\/div>\n\t\t\t\t\t<\/div>\n\t\t<\/section>\n\t\t\t\t<section class=\"elementor-section elementor-top-section elementor-element elementor-element-9946de1 elementor-section-boxed elementor-section-height-default elementor-section-height-default\" data-id=\"9946de1\" data-element_type=\"section\">\n\t\t\t\t\t\t<div class=\"elementor-container elementor-column-gap-default\">\n\t\t\t\t\t\t\t<div class=\"elementor-row\">\n\t\t\t\t\t<div class=\"elementor-column elementor-col-100 elementor-top-column elementor-element elementor-element-47f6495\" data-id=\"47f6495\" data-element_type=\"column\">\n\t\t\t<div class=\"elementor-column-wrap elementor-element-populated\">\n\t\t\t\t\t\t\t<div class=\"elementor-widget-wrap\">\n\t\t\t\t\t\t<section class=\"elementor-section elementor-inner-section elementor-element elementor-element-9c45c7d elementor-section-boxed elementor-section-height-default elementor-section-height-default\" data-id=\"9c45c7d\" data-element_type=\"section\">\n\t\t\t\t\t\t<div class=\"elementor-container elementor-column-gap-default\">\n\t\t\t\t\t\t\t<div class=\"elementor-row\">\n\t\t\t\t\t<div class=\"elementor-column elementor-col-50 elementor-inner-column elementor-element elementor-element-f5640ba\" data-id=\"f5640ba\" data-element_type=\"column\">\n\t\t\t<div class=\"elementor-column-wrap elementor-element-populated\">\n\t\t\t\t\t\t\t<div class=\"elementor-widget-wrap\">\n\t\t\t\t\t\t<div class=\"elementor-element elementor-element-6f1b096 animated-slow elementor-invisible elementor-widget elementor-widget-text-editor\" data-id=\"6f1b096\" data-element_type=\"widget\" data-settings=\"{&quot;_animation&quot;:&quot;fadeInRight&quot;}\" data-widget_type=\"text-editor.default\">\n\t\t\t\t<div class=\"elementor-widget-container\">\n\t\t\t\t\t\t\t\t<div class=\"elementor-text-editor elementor-clearfix\">\n\t\t\t\t<p style=\"text-align: center;\"><span style=\"text-decoration: underline;\">DRENAJE LINF\u00c1TICO<\/span><\/p><p style=\"text-align: center;\">Masaje manual muy suave creado por el Dr. Vodder en los a\u00f1os 30, muy eficaz para eliminar toxinas, reducir el exceso de l\u00edquidos, edemas y potenciar el sistema inmunitario.<\/p><p style=\"text-align: center;\">45 minutos&#8230;50\u20ac<br \/>60 minutos&#8230;55\u20ac<\/p>\t\t\t\t\t<\/div>\n\t\t\t\t\t\t<\/div>\n\t\t\t\t<\/div>\n\t\t\t\t<div class=\"elementor-element elementor-element-1440a05 animated-slow elementor-invisible elementor-widget elementor-widget-image\" data-id=\"1440a05\" data-element_type=\"widget\" data-settings=\"{&quot;_animation&quot;:&quot;fadeInLeft&quot;}\" data-widget_type=\"image.default\">\n\t\t\t\t<div class=\"elementor-widget-container\">\n\t\t\t\t\t\t\t\t<div class=\"elementor-image\">\n\t\t\t\t\t\t\t\t\t\t\t\t<img loading=\"lazy\" decoding=\"async\" width=\"930\" height=\"620\" src=\"https:\/\/labellabio.com\/wp-content\/uploads\/2022\/07\/DRENATGE-LIMFATIC-LA-BELLA-BIO-930x620.jpg\" class=\"attachment-neve-blog size-neve-blog\" alt=\"DRENAJE LINF\u00c1TICO LA BELLA BIO\" \/>\t\t\t\t\t\t\t\t\t\t\t\t\t\t<\/div>\n\t\t\t\t\t\t<\/div>\n\t\t\t\t<\/div>\n\t\t\t\t\t\t<\/div>\n\t\t\t\t\t<\/div>\n\t\t<\/div>\n\t\t\t\t<div class=\"elementor-column elementor-col-50 elementor-inner-column elementor-element elementor-element-6653b44\" data-id=\"6653b44\" data-element_type=\"column\">\n\t\t\t<div class=\"elementor-column-wrap\">\n\t\t\t\t\t\t\t<div class=\"elementor-widget-wrap\">\n\t\t\t\t\t\t\t\t<\/div>\n\t\t\t\t\t<\/div>\n\t\t<\/div>\n\t\t\t\t\t\t\t\t<\/div>\n\t\t\t\t\t<\/div>\n\t\t<\/section>\n\t\t\t\t\t\t<\/div>\n\t\t\t\t\t<\/div>\n\t\t<\/div>\n\t\t\t\t\t\t\t\t<\/div>\n\t\t\t\t\t<\/div>\n\t\t<\/section>\n\t\t\t\t\t\t\t\t\t<\/div>\n\t\t\t<\/div>\n\t\t\t\t\t<\/div>\n\t\t<!-- AddThis Advanced Settings generic via filter on the_content --><!-- AddThis Share Buttons generic via filter on the_content -->","protected":false},"excerpt":{"rendered":"<p>Corporales Nuestros Rituales Bot\u00e1nicos son un viaje hacia tu belleza real que proviene sobretodo, de tu bienestar y tu equilibrio interior. Nuestros activos, procedentes de la Naturaleza, ser\u00e1n cuidadosamente elegidos&hellip;&nbsp;<a href=\"https:\/\/labellabio.com\/index.php\/rituales-corporales-botanicos\/\" class=\"\" rel=\"bookmark\">Leer m\u00e1s &raquo;<span class=\"screen-reader-text\">Corporales<\/span><\/a><!-- AddThis Advanced Settings generic via filter on get_the_excerpt --><!-- AddThis Share Buttons generic via filter on get_the_excerpt --><\/p>\n","protected":false},"author":1,"featured_media":0,"parent":0,"menu_order":0,"comment_status":"closed","ping_status":"closed","template":"page-templates\/template-pagebuilder-full-width.php","meta":{"footnotes":""},"class_list":["post-856","page","type-page","status-publish","hentry"],"_links":{"self":[{"href":"https:\/\/labellabio.com\/index.php\/wp-json\/wp\/v2\/pages\/856","targetHints":{"allow":["GET"]}}],"collection":[{"href":"https:\/\/labellabio.com\/index.php\/wp-json\/wp\/v2\/pages"}],"about":[{"href":"https:\/\/labellabio.com\/index.php\/wp-json\/wp\/v2\/types\/page"}],"author":[{"embeddable":true,"href":"https:\/\/labellabio.com\/index.php\/wp-json\/wp\/v2\/users\/1"}],"replies":[{"embeddable":true,"href":"https:\/\/labellabio.com\/index.php\/wp-json\/wp\/v2\/comments?post=856"}],"version-history":[{"count":59,"href":"https:\/\/labellabio.com\/index.php\/wp-json\/wp\/v2\/pages\/856\/revisions"}],"predecessor-version":[{"id":1481,"href":"https:\/\/labellabio.com\/index.php\/wp-json\/wp\/v2\/pages\/856\/revisions\/1481"}],"wp:attachment":[{"href":"https:\/\/labellabio.com\/index.php\/wp-json\/wp\/v2\/media?parent=856"}],"curies":[{"name":"wp","href":"https:\/\/api.w.org\/{rel}","templated":true}]}}