{"id":737,"date":"2020-03-18T17:59:15","date_gmt":"2020-03-18T16:59:15","guid":{"rendered":"https:\/\/labellabio.com\/?page_id=737"},"modified":"2020-07-28T13:20:09","modified_gmt":"2020-07-28T11:20:09","slug":"politica-de-cookies","status":"publish","type":"page","link":"https:\/\/labellabio.com\/index.php\/politica-de-cookies\/","title":{"rendered":"POL\u00cdTICA DE COOKIES"},"content":{"rendered":"\t\t<div data-elementor-type=\"wp-page\" data-elementor-id=\"737\" class=\"elementor elementor-737\">\n\t\t\t\t\t\t<div class=\"elementor-inner\">\n\t\t\t\t<div class=\"elementor-section-wrap\">\n\t\t\t\t\t\t\t\t\t<section class=\"elementor-section elementor-top-section elementor-element elementor-element-47d665de elementor-section-boxed elementor-section-height-default elementor-section-height-default\" data-id=\"47d665de\" data-element_type=\"section\">\n\t\t\t\t\t\t<div class=\"elementor-container elementor-column-gap-default\">\n\t\t\t\t\t\t\t<div class=\"elementor-row\">\n\t\t\t\t\t<div class=\"elementor-column elementor-col-100 elementor-top-column elementor-element elementor-element-273ea6f0\" data-id=\"273ea6f0\" data-element_type=\"column\">\n\t\t\t<div class=\"elementor-column-wrap elementor-element-populated\">\n\t\t\t\t\t\t\t<div class=\"elementor-widget-wrap\">\n\t\t\t\t\t\t<div class=\"elementor-element elementor-element-3319490d elementor-widget elementor-widget-text-editor\" data-id=\"3319490d\" data-element_type=\"widget\" data-widget_type=\"text-editor.default\">\n\t\t\t\t<div class=\"elementor-widget-container\">\n\t\t\t\t\t\t\t\t<div class=\"elementor-text-editor elementor-clearfix\">\n\t\t\t\t<!-- wp:paragraph -->\n<p>En esta web recopilo y utilizo la informaci\u00f3n seg\u00fan indico en mi pol\u00edtica de privacidad. Una de las formas en las que recopil\u00f3 informaci\u00f3n es a trav\u00e9s del uso de la tecnolog\u00eda llamada \u201ccookies\u201d. En La Bella Bio, se utilizan cookies para varias cosas.<\/p>\n<!-- \/wp:paragraph --><!-- wp:paragraph -->\n<p><strong>\u00bfQu\u00e9 es una cookie?<\/strong><\/p>\n<!-- \/wp:paragraph --><!-- wp:paragraph -->\n<p>Una \u201ccookie\u201d es una peque\u00f1a cantidad de texto que se almacena en tu navegador (como Chrome de Google o Safari de Apple) cuando navegas por la mayor\u00eda de los sitios web.<\/p>\n<!-- \/wp:paragraph --><!-- wp:paragraph -->\n<p><strong>\u00bfQu\u00e9 NO es una cookie?<\/strong><\/p>\n<!-- \/wp:paragraph --><!-- wp:paragraph -->\n<p>No es un virus, ni un troyano, ni un gusano, ni spam, ni spyware, ni abre ventanas pop-up.<\/p>\n<!-- \/wp:paragraph --><!-- wp:paragraph -->\n<p><strong>\u00bfQu\u00e9 informaci\u00f3n almacena una cookie?<\/strong><\/p>\n<!-- \/wp:paragraph --><!-- wp:paragraph -->\n<p>Las cookies no suelen almacenar informaci\u00f3n sensible sobre usted, como tarjetas de cr\u00e9dito o datos bancarios, fotograf\u00edas o informaci\u00f3n personal, etc. Los datos que guardan son de car\u00e1cter t\u00e9cnico, estad\u00edsticos, preferencias personales, personalizaci\u00f3n de contenidos, etc.<\/p>\n<!-- \/wp:paragraph --><!-- wp:paragraph -->\n<p>El servidor web no le asocia a usted como persona sino a su navegador web. De hecho, si usted navega habitualmente con el navegador Chrome y prueba a navegar por la misma web con el navegador Firefox, ver\u00e1 que la web no se da cuenta que es usted la misma persona porque en realidad est\u00e1 asociando la informaci\u00f3n al navegador, no a la persona.<\/p>\n<!-- \/wp:paragraph --><!-- wp:paragraph -->\n<p><strong>\u00bfQu\u00e9 tipo de cookies existen?<\/strong><\/p>\n<!-- \/wp:paragraph --><!-- wp:list -->\n<ul>\n<li><strong>Cookies t\u00e9cnicas:<\/strong>\u00a0Son las m\u00e1s elementales y permiten, entre otras cosas, saber cu\u00e1ndo est\u00e1 navegando un humano o una aplicaci\u00f3n automatizada, cu\u00e1ndo navega un usuario an\u00f3nimo y uno registrado, tareas b\u00e1sicas para el funcionamiento de cualquier web din\u00e1mica.<\/li>\n<li><strong>Cookies de an\u00e1lisis:<\/strong>\u00a0Recogen informaci\u00f3n sobre el tipo de navegaci\u00f3n que est\u00e1 realizando, las secciones que m\u00e1s utiliza, productos consultados, franja horaria de uso, idioma, etc.<\/li>\n<li><strong>Cookies publicitarias:<\/strong>\u00a0Muestran publicidad en funci\u00f3n de su navegaci\u00f3n, su pa\u00eds de procedencia, idioma, etc.<\/li>\n<\/ul>\n<!-- \/wp:list --><!-- wp:paragraph -->\n<p>\u00a0<\/p>\n<p><strong>\u00bfQu\u00e9 son las cookies propias y las de terceros?<\/strong><\/p>\n<!-- \/wp:paragraph --><!-- wp:paragraph -->\n<p>Las cookies propias son las generadas por la p\u00e1gina que est\u00e1 visitando y las de terceros son las generadas por servicios o proveedores externos como Mailchimp, Mailrelay, Facebook, Twitter, Google adsense, etc.<\/p>\n<!-- \/wp:paragraph --><!-- wp:paragraph -->\n<p><strong>\u00bfQu\u00e9 cookies utiliza esta web?<\/strong><\/p>\n<!-- \/wp:paragraph --><!-- wp:paragraph -->\n<p>Esta web utiliza cookies propias y de terceros. En este sitio web se utilizan las siguientes cookies que se detallan a continuaci\u00f3n:<\/p>\n<!-- \/wp:paragraph --><!-- wp:paragraph -->\n<p><strong>Cookies propias:<\/strong><\/p>\n<!-- \/wp:paragraph --><!-- wp:paragraph -->\n<p><strong>Inicio de sesi\u00f3n:<\/strong>\u00a0Las cookies para iniciar sesi\u00f3n te permiten entrar y salir de tu cuenta de La Bella Bio.<\/p>\n<!-- \/wp:paragraph --><!-- wp:paragraph -->\n<p><strong>Personalizaci\u00f3n:<\/strong>\u00a0Las cookies me ayudan a recordar con qu\u00e9 personas o sitios web has interactuado, para que pueda mostrarte contenido relacionado.<\/p>\n<!-- \/wp:paragraph --><!-- wp:paragraph -->\n<p><strong>Preferencias:<\/strong>\u00a0Las cookies me permiten recordar tus ajustes y preferencias, como el idioma preferido y tu configuraci\u00f3n de privacidad.<\/p>\n<!-- \/wp:paragraph --><!-- wp:paragraph -->\n<p><strong>Seguridad:<\/strong>\u00a0Utilizo cookies para evitarte riesgos de seguridad. Principalmente para detectar cu\u00e1ndo alguien est\u00e1 intentando piratear tu cuenta de La Bella Bio.<\/p>\n<!-- \/wp:paragraph --><!-- wp:paragraph -->\n<p><strong>Cookies de terceros<\/strong><\/p>\n<!-- \/wp:paragraph --><!-- wp:paragraph -->\n<p>Esta web utiliza servicios de an\u00e1lisis, concretamente, Google Analytics para ayudar al website a analizar el uso que hacen los usuarios del sitio web y mejorar la usabilidad del mismo, pero en ning\u00fan caso se asocian a datos que pudieran llegar a identificar al usuario. Google Analytics, es un servicio anal\u00edtico de web prestado por Google, Inc., El usuario puede consultar\u00a0<a href=\"https:\/\/www.google.es\/intl\/es\/policies\/technologies\/types\/\" target=\"_blank\" rel=\"noreferrer noopener\">aqu\u00ed<\/a>\u00a0el tipo de cookies utilizadas por Google.<\/p>\n<!-- \/wp:paragraph --><!-- wp:paragraph -->\n<p>Laura Marti Mut es usuario de la plataforma de suministro y alojamiento de blogs\u00a0<strong>WordPress<\/strong>, propiedad de la empresa norteamericana Automattic, Inc. A tales efectos, los usos de tales cookies por los sistemas nunca est\u00e1n bajo control o gesti\u00f3n del responsable de la web, pueden cambiar su funci\u00f3n en cualquier momento, y entrar cookies nuevas. Estas cookies tampoco reportan al responsable de esta web beneficio alguno. Automattic, Inc., utiliza adem\u00e1s otras cookies con la finalidad de ayudar a identificar y rastrear a los visitantes de los sitios de\u00a0<strong>WordPress<\/strong>, conocer el uso que hacen del sitio web de Automattic, as\u00ed como sus preferencias de acceso al mismo, tal y como se recoge en el apartado \u201cCookies\u201d de su pol\u00edtica de privacidad.<\/p>\n<!-- \/wp:paragraph --><!-- wp:paragraph -->\n<p>Las cookies de redes sociales pueden almacenarse en su navegador mientras navega por https:\/\/la bellabio.com por ejemplo, cuando utiliza el bot\u00f3n de compartir contenidos de https:\/\/labellabio.com en alguna red social.<br \/>A continuaci\u00f3n tienes informaci\u00f3n sobre las cookies de las redes sociales que utiliza esta web en sus propias pol\u00edticas de cookies:<\/p>\n<!-- \/wp:paragraph --><!-- wp:list -->\n<ul>\n<li>Cookies de Facebook, ver m\u00e1s informaci\u00f3n en su<strong>\u00a0<\/strong><a href=\"https:\/\/www.facebook.com\/policies\/cookies\/\" target=\"_blank\" rel=\"noreferrer noopener\">pol\u00edtica de cookies<\/a><\/li>\n<li>Cookies de Instagram, ver m\u00e1s informaci\u00f3n en su\u00a0<a href=\"https:\/\/www.facebook.com\/policies\/cookies\/\" target=\"_blank\" rel=\"noreferrer noopener\">pol\u00edtica de cookies<\/a><\/li>\n<li>Cookies de Google+, ver m\u00e1s informaci\u00f3n en su<strong>\u00a0<\/strong><a href=\"http:\/\/www.google.com\/intl\/es\/policies\/technologies\/types\/\" target=\"_blank\" rel=\"noreferrer noopener\">pol\u00edtica de cookies<\/a><\/li>\n<li>Cookies de Linkedin, ver m\u00e1s informaci\u00f3n en su\u00a0<a href=\"https:\/\/www.linkedin.com\/legal\/cookie-policy?trk=hp-cookies\" target=\"_blank\" rel=\"noreferrer noopener\">pol\u00edtica de cookies<\/a><\/li>\n<li>Cookies de Youtube, ver m\u00e1s informaci\u00f3n en su\u00a0<a href=\"http:\/\/www.google.com\/intl\/es\/policies\/technologies\/types\/\" target=\"_blank\" rel=\"noreferrer noopener\">pol\u00edtica de cookies<\/a><\/li>\n<li>Cookies de iVoox, ver m\u00e1s informaci\u00f3n en su<strong>\u00a0<\/strong><a href=\"https:\/\/app.innoit.net\/lopd\/null\" target=\"_blank\" rel=\"noreferrer noopener\">pol\u00edtica de cookie<\/a><strong><a href=\"https:\/\/app.innoit.net\/lopd\/null\" target=\"_blank\" rel=\"noreferrer noopener\">s<\/a><\/strong><\/li>\n<\/ul>\n<!-- \/wp:list --><!-- wp:paragraph -->\n<p><strong>\u00bfSe pueden eliminar las cookies?<\/strong><\/p>\n<!-- \/wp:paragraph --><!-- wp:paragraph -->\n<p>S\u00ed, y no s\u00f3lo eliminar, tambi\u00e9n bloquear, de forma general o particular para un dominio espec\u00edfico.<br \/>Para eliminar las cookies de un sitio web debe ir a la configuraci\u00f3n de su navegador y all\u00ed podr\u00e1 buscar las asociadas al dominio en cuesti\u00f3n y proceder a su eliminaci\u00f3n.<\/p>\n<!-- \/wp:paragraph --><!-- wp:list -->\n<ul>\n<li>Configuraci\u00f3n de cookies para\u00a0<a href=\"http:\/\/support.google.com\/chrome\/bin\/answer.py?hl=es&amp;answer=95647\" target=\"_blank\" rel=\"noreferrer noopener\">Google Chrome<\/a><\/li>\n<li>Configuraci\u00f3n de cookies para\u00a0<a href=\"https:\/\/support.apple.com\/es-es\/HT201265\" target=\"_blank\" rel=\"noreferrer noopener\">Apple Safari<\/a><\/li>\n<li>Configuraci\u00f3n de cookies para\u00a0<a href=\"https:\/\/support.microsoft.com\/en-us\/help\/17442\/windows-internet-explorer-delete-manage-cookies#ie=ie-10\" target=\"_blank\" rel=\"noreferrer noopener\">Internet Explorer<\/a><\/li>\n<li>Configuraci\u00f3n de cookies para<strong>\u00a0<\/strong><a href=\"https:\/\/support.mozilla.org\/es\/kb\/habilitar-y-deshabilitar-cookies-sitios-web-rastrear-preferencias?redirectlocale=es&amp;redirectslug=habilitar-y-deshabilitar-cookies-que-los-sitios-we\" target=\"_blank\" rel=\"noreferrer noopener\">Mozilla Firefox<\/a><\/li>\n<\/ul>\n<!-- \/wp:list --><!-- wp:paragraph -->\n<p><strong>M\u00e1s informaci\u00f3n sobre las cookies<\/strong><\/p>\n<!-- \/wp:paragraph --><!-- wp:paragraph -->\n<p>Puedes consultar el reglamento sobre cookies publicado por la Agencia Espa\u00f1ola de Protecci\u00f3n de Datos en su \u201cGu\u00eda sobre el uso de las cookies\u201d y obtener m\u00e1s informaci\u00f3n sobre las cookies en Internet,<strong>\u00a0<\/strong><a href=\"http:\/\/www.aboutcookies.org\/\" target=\"_blank\" rel=\"noreferrer noopener\">http:\/\/www.aboutcookies.org\/<\/a><\/p>\n<!-- \/wp:paragraph --><!-- wp:paragraph -->\n<p>Si desea tener un mayor control sobre la instalaci\u00f3n de cookies, puede instalar programas o complementos a su navegador, conocidos como herramientas de \u201cDo Not Track\u201d, que le permitir\u00e1n escoger aquellas cookies que desea permitir.<\/p>\n<!-- \/wp:paragraph --><!-- wp:paragraph -->\n<p>Esta pol\u00edtica de cookies ha sido actualizada por \u00faltima vez el 20-02-2020.<\/p>\n<!-- \/wp:paragraph -->\t\t\t\t\t<\/div>\n\t\t\t\t\t\t<\/div>\n\t\t\t\t<\/div>\n\t\t\t\t\t\t<\/div>\n\t\t\t\t\t<\/div>\n\t\t<\/div>\n\t\t\t\t\t\t\t\t<\/div>\n\t\t\t\t\t<\/div>\n\t\t<\/section>\n\t\t\t\t\t\t\t\t\t<\/div>\n\t\t\t<\/div>\n\t\t\t\t\t<\/div>\n\t\t<!-- AddThis Advanced Settings generic via filter on the_content --><!-- AddThis Share Buttons generic via filter on the_content -->","protected":false},"excerpt":{"rendered":"<p>En esta web recopilo y utilizo la informaci\u00f3n seg\u00fan indico en mi pol\u00edtica de privacidad. Una de las formas en las que recopil\u00f3 informaci\u00f3n es a trav\u00e9s del uso de&hellip;&nbsp;<a href=\"https:\/\/labellabio.com\/index.php\/politica-de-cookies\/\" class=\"\" rel=\"bookmark\">Leer m\u00e1s &raquo;<span class=\"screen-reader-text\">POL\u00cdTICA DE COOKIES<\/span><\/a><!-- AddThis Advanced Settings generic via filter on get_the_excerpt --><!-- AddThis Share Buttons generic via filter on get_the_excerpt --><\/p>\n","protected":false},"author":1,"featured_media":0,"parent":0,"menu_order":0,"comment_status":"closed","ping_status":"closed","template":"","meta":{"footnotes":""},"class_list":["post-737","page","type-page","status-publish","hentry"],"_links":{"self":[{"href":"https:\/\/labellabio.com\/index.php\/wp-json\/wp\/v2\/pages\/737","targetHints":{"allow":["GET"]}}],"collection":[{"href":"https:\/\/labellabio.com\/index.php\/wp-json\/wp\/v2\/pages"}],"about":[{"href":"https:\/\/labellabio.com\/index.php\/wp-json\/wp\/v2\/types\/page"}],"author":[{"embeddable":true,"href":"https:\/\/labellabio.com\/index.php\/wp-json\/wp\/v2\/users\/1"}],"replies":[{"embeddable":true,"href":"https:\/\/labellabio.com\/index.php\/wp-json\/wp\/v2\/comments?post=737"}],"version-history":[{"count":5,"href":"https:\/\/labellabio.com\/index.php\/wp-json\/wp\/v2\/pages\/737\/revisions"}],"predecessor-version":[{"id":1093,"href":"https:\/\/labellabio.com\/index.php\/wp-json\/wp\/v2\/pages\/737\/revisions\/1093"}],"wp:attachment":[{"href":"https:\/\/labellabio.com\/index.php\/wp-json\/wp\/v2\/media?parent=737"}],"curies":[{"name":"wp","href":"https:\/\/api.w.org\/{rel}","templated":true}]}}