{"id":2,"date":"2020-03-01T18:30:19","date_gmt":"2020-03-01T17:30:19","guid":{"rendered":"http:\/\/labellabio.com\/?page_id=2"},"modified":"2021-10-10T15:04:13","modified_gmt":"2021-10-10T13:04:13","slug":"nota-legal","status":"publish","type":"page","link":"https:\/\/labellabio.com\/index.php\/nota-legal\/","title":{"rendered":"NOTA LEGAL"},"content":{"rendered":"\t\t<div data-elementor-type=\"wp-page\" data-elementor-id=\"2\" class=\"elementor elementor-2\">\n\t\t\t\t\t\t<div class=\"elementor-inner\">\n\t\t\t\t<div class=\"elementor-section-wrap\">\n\t\t\t\t\t\t\t\t\t<section class=\"elementor-section elementor-top-section elementor-element elementor-element-12229b35 elementor-section-boxed elementor-section-height-default elementor-section-height-default\" data-id=\"12229b35\" data-element_type=\"section\">\n\t\t\t\t\t\t<div class=\"elementor-container elementor-column-gap-default\">\n\t\t\t\t\t\t\t<div class=\"elementor-row\">\n\t\t\t\t\t<div class=\"elementor-column elementor-col-100 elementor-top-column elementor-element elementor-element-40bcc35b\" data-id=\"40bcc35b\" data-element_type=\"column\">\n\t\t\t<div class=\"elementor-column-wrap elementor-element-populated\">\n\t\t\t\t\t\t\t<div class=\"elementor-widget-wrap\">\n\t\t\t\t\t\t<div class=\"elementor-element elementor-element-1dae14b7 elementor-widget elementor-widget-text-editor\" data-id=\"1dae14b7\" data-element_type=\"widget\" data-widget_type=\"text-editor.default\">\n\t\t\t\t<div class=\"elementor-widget-container\">\n\t\t\t\t\t\t\t\t<div class=\"elementor-text-editor elementor-clearfix\">\n\t\t\t\t<p><!-- wp:paragraph --><\/p>\n<p><span style=\"text-decoration: underline;\"><strong>Datos del Responsable<\/strong><\/span><\/p>\n<p><!-- \/wp:paragraph --><\/p>\n<p><!-- wp:list --><\/p>\n<ul>\n<li><strong>Identidad del Responsable: <\/strong>Ana Manch\u00f3n Marti<\/li>\n<li><strong>Nombre comercial:<\/strong> La Bella Bio<\/li>\n<li><strong>NIF\/CIF: <\/strong>44016854-Y<\/li>\n<li><strong>Direcci\u00f3n:<\/strong> Fra Francesc Eiximenis, 14 1\u00ba2\u00ba Parets del Vall\u00e9s (Barcelona)<\/li>\n<li><strong>Correo electr\u00f3nico:<\/strong> info@labellabio.com<\/li>\n<\/ul>\n<p><!-- \/wp:list --><\/p>\n<p><!-- wp:paragraph --><\/p>\n<p>En este espacio, el usuario, podr\u00e1 encontrar toda la<br \/>informaci\u00f3n relativa a los t\u00e9rminos y condiciones legales que definen las<br \/>relaciones entre los usuarios y yo como responsable de esta web. Como usuario,<br \/>es importante que conozcas estos t\u00e9rminos antes de continuar tu navegaci\u00f3n.<\/p>\n<p><!-- \/wp:paragraph --><\/p>\n<p><!-- wp:paragraph --><\/p>\n<p>La Bella Bio ( Ana Manch\u00f3n Marti ) como responsable de esta<br \/>web, asumo el compromiso de procesar la informaci\u00f3n de mis usuarios y clientes<br \/>con plenas garant\u00edas y cumplir con los requisitos nacionales y europeos que<br \/>regulan la recopilaci\u00f3n y uso de los datos personales de mis usuarios.<\/p>\n<p><!-- \/wp:paragraph --><\/p>\n<p><!-- wp:paragraph --><\/p>\n<p>Esta web, por tanto, cumple rigurosamente con el<br \/>Reglamento (UE) 2016\/679 del Parlamento Europeo y del Consejo de 27 de abril de<br \/>2016 relativo a la protecci\u00f3n de las personas f\u00edsicas (RGPD), la Ley Org\u00e1nica<br \/>3\/2018, de 5 de diciembre, de Protecci\u00f3n de Datos Personales y garant\u00eda de los<br \/>derechos digitales (LOPDGDD), as\u00ed como con la Ley 34\/2002, de 11 de julio, de<br \/>Servicios de la Sociedad de la Informaci\u00f3n y Comercio Electr\u00f3nico (LSSICE \u00f3<br \/>LSSI).<\/p>\n<p><!-- \/wp:paragraph --><\/p>\n<p><!-- wp:paragraph --><\/p>\n<p><span style=\"text-decoration: underline;\"><strong>Condiciones generales de uso<\/strong><\/span><\/p>\n<p><!-- \/wp:paragraph --><\/p>\n<p><!-- wp:paragraph --><\/p>\n<p>Las presentes Condiciones Generales regulan el uso<br \/>(incluyendo el mero acceso) de las p\u00e1ginas de web, integrantes del sitio web de<br \/>La Bella Bio \u00a0incluidos los contenidos y<br \/>servicios puestos a disposici\u00f3n en ellas. Toda persona que acceda a la web,<br \/>https:\/\/labellabio.com (\u201cusuario\u201d) acepta someterse a las Condiciones Generales<br \/>vigentes en cada momento del portal https:\/\/labellabio.com.<\/p>\n<p><!-- \/wp:paragraph --><\/p>\n<p><!-- wp:paragraph --><\/p>\n<p><span style=\"text-decoration: underline;\"><strong>Datos personales que recabo y c\u00f3mo lo hago<\/strong><\/span><\/p>\n<p><!-- \/wp:paragraph --><\/p>\n<p><!-- wp:paragraph --><\/p>\n<p>Leer Pol\u00edtica de Privacidad.<\/p>\n<p><!-- \/wp:paragraph --><\/p>\n<p><!-- wp:paragraph --><\/p>\n<p><span style=\"text-decoration: underline;\"><strong>Compromisos y obligaciones de los usuarios<\/strong><\/span><\/p>\n<p><!-- \/wp:paragraph --><\/p>\n<p><!-- wp:paragraph --><\/p>\n<p>El usuario queda informado, y acepta, que el acceso a<br \/>la presente web no supone, en modo alguno, el inicio de una relaci\u00f3n comercial<br \/>con La Bella Bio. De esta forma, el usuario se compromete a utilizar el sitio<br \/>web, sus servicios y contenidos sin contravenir la legislaci\u00f3n vigente, la<br \/>buena fe y el orden p\u00fablico.<\/p>\n<p><!-- \/wp:paragraph --><\/p>\n<p><!-- wp:paragraph --><\/p>\n<p>Queda prohibido el uso de la web, con fines il\u00edcitos o<br \/>lesivos, o que, de cualquier forma, puedan causar perjuicio o impedir el normal<br \/>funcionamiento del sitio web. Respecto de los contenidos de esta web, se<br \/>proh\u00edbe:<\/p>\n<p><!-- \/wp:paragraph --><\/p>\n<p><!-- wp:list --><\/p>\n<ul>\n<li>Su reproducci\u00f3n, distribuci\u00f3n o modificaci\u00f3n, total o parcial, a menos que se cuente con mi autorizaci\u00f3n como leg\u00edtimo titular;<\/li>\n<li>Cualquier vulneraci\u00f3n de los derechos del prestador o de mi como leg\u00edtimo titular;<\/li>\n<li>Su utilizaci\u00f3n para fines comerciales o publicitarios.<\/li>\n<\/ul>\n<p><!-- \/wp:list --><\/p>\n<p><!-- wp:paragraph --><\/p>\n<p>En la utilizaci\u00f3n de la web, https:\/\/labellabio.com el<br \/>usuario se compromete a no llevar a cabo\u00a0<strong>ninguna conducta<\/strong>\u00a0que<br \/>pudiera da\u00f1ar la imagen, los intereses y los derechos de La Bella Bio o de<br \/>terceros o que pudiera da\u00f1ar, inutilizar o sobrecargar el portal https:\/\/labellabio.com<br \/>o que impidiera, de cualquier forma, la normal utilizaci\u00f3n de la web.<\/p>\n<p><!-- \/wp:paragraph --><\/p>\n<p><!-- wp:paragraph --><\/p>\n<p>No obstante, el usuario debe ser consciente de que las<br \/>medidas de seguridad de los sistemas inform\u00e1ticos en Internet no son enteramente<br \/>fiables y que, por tanto https:\/\/labellabio.com no puede garantizar la<br \/>inexistencia de malware u otros elementos que puedan producir alteraciones en<br \/>los sistemas inform\u00e1ticos (software y hardware) del usuario o en sus documentos<br \/>electr\u00f3nicos y ficheros contenidos en los mismos aunque pongo todos los medios<br \/>necesarios y las medidas de seguridad oportunas para evitar la presencia de<br \/>estos elementos da\u00f1inos.<\/p>\n<p><!-- \/wp:paragraph --><\/p>\n<p><!-- wp:paragraph --><\/p>\n<p><span style=\"text-decoration: underline;\"><strong>Medidas de seguridad<\/strong><\/span><\/p>\n<p><!-- \/wp:paragraph --><\/p>\n<p><!-- wp:paragraph --><\/p>\n<p>Los datos personales comunicados por el usuario a La<br \/>Bella Bio pueden ser almacenados en bases de datos automatizadas o no, cuya<br \/>titularidad corresponde en exclusiva a Ana Manch\u00f3n Marti, asumiendo \u00e9sta todas<br \/>las medidas de \u00edndole t\u00e9cnica, organizativa y de seguridad que garantizan la<br \/>confidencialidad, integridad y calidad de la informaci\u00f3n contenida en las<br \/>mismas de acuerdo con lo establecido en la normativa vigente en protecci\u00f3n de<br \/>datos. La comunicaci\u00f3n entre los usuarios y https:\/\/labellabio.com utiliza un<br \/>canal seguro, y los datos transmitidos son cifrados gracias a protocolos https,<br \/>por tanto, garantizo las mejores condiciones de seguridad para que la<br \/>confidencialidad de los usuarios est\u00e9 garantizada.<\/p>\n<p><!-- \/wp:paragraph --><\/p>\n<p><!-- wp:paragraph --><\/p>\n<p><span style=\"text-decoration: underline;\"><strong>Plataforma de resoluci\u00f3n de conflictos<\/strong><\/span><\/p>\n<p><!-- \/wp:paragraph --><\/p>\n<p><!-- wp:paragraph --><\/p>\n<p>Pongo tambi\u00e9n a disposici\u00f3n de los usuarios la<br \/>plataforma de resoluci\u00f3n de litigios que facilita la Comisi\u00f3n Europea y que se<br \/>encuentra disponible en el siguiente enlace:\u00a0<a href=\"http:\/\/ec.europa.eu\/consumers\/odr\/\" target=\"_blank\" rel=\"noreferrer noopener\">http:\/\/ec.europa.eu\/consumers\/odr\/<\/a><\/p>\n<p><!-- \/wp:paragraph --><\/p>\n<p><!-- wp:paragraph --><\/p>\n<p><span style=\"text-decoration: underline;\"><strong>Derechos de propiedad intelectual e industrial<\/strong><\/span><\/p>\n<p><!-- \/wp:paragraph --><\/p>\n<p><!-- wp:paragraph --><\/p>\n<p>En virtud de la Ley de Propiedad Intelectual, quedan<br \/>expresamente prohibidas la reproducci\u00f3n, la distribuci\u00f3n y la comunicaci\u00f3n<br \/>p\u00fablica, incluida su modalidad de puesta a disposici\u00f3n, de la totalidad o parte<br \/>de los contenidos de esta p\u00e1gina web, con fines comerciales, en cualquier soporte<br \/>y por cualquier medio t\u00e9cnico, sin la autorizaci\u00f3n de La Bella\u00a0 Bio.<\/p>\n<p>El usuario se compromete a respetar los<br \/>derechos de Propiedad Intelectual e Industrial titularidad de La Bella Bio.<\/p>\n<p><!-- \/wp:paragraph --><\/p>\n<p><!-- wp:paragraph --><\/p>\n<p>El usuario conoce y acepta que la totalidad del sitio<br \/>web, conteniendo sin car\u00e1cter exhaustivo el texto, software, contenidos<br \/>(incluyendo estructura, selecci\u00f3n, ordenaci\u00f3n y presentaci\u00f3n de los mismos)<br \/>podcast, fotograf\u00edas, material audiovisual y gr\u00e1ficos, est\u00e1 protegida por<br \/>marcas, derechos de autor y otros derechos leg\u00edtimos, de acuerdo con los<br \/>tratados internacionales en los que Espa\u00f1a es parte y otros derechos de<br \/>propiedad y leyes de Espa\u00f1a.<\/p>\n<p><!-- \/wp:paragraph --><\/p>\n<p><!-- wp:paragraph --><\/p>\n<p>En el caso de que un usuario o un tercero consideren<br \/>que se ha producido una violaci\u00f3n de sus leg\u00edtimos derechos de propiedad intelectual<br \/>por la introducci\u00f3n de un determinado contenido en la web, deber\u00e1 notificar<br \/>dicha circunstancia a La Bella Bio indicando:<\/p>\n<p><!-- \/wp:paragraph --><\/p>\n<p><!-- wp:list --><\/p>\n<ul>\n<li>Datos personales del interesado titular de los derechos presuntamente infringidos, o indicar la representaci\u00f3n con la que act\u00faa en caso de que la reclamaci\u00f3n la presente un tercero distinto del interesado.<\/li>\n<li>Se\u00f1alar los contenidos protegidos por los derechos de propiedad intelectual y su ubicaci\u00f3n en la web, la acreditaci\u00f3n de los derechos de propiedad intelectual se\u00f1alados y declaraci\u00f3n expresa en la que el interesado se responsabiliza de la veracidad de las informaciones facilitadas en la notificaci\u00f3n.<\/li>\n<\/ul>\n<p><!-- \/wp:list --><\/p>\n<p><!-- wp:paragraph --><\/p>\n<p><span style=\"text-decoration: underline;\"><strong>Exclusi\u00f3n de garant\u00edas y responsable<\/strong><\/span><\/p>\n<p><!-- \/wp:paragraph --><\/p>\n<p><!-- wp:paragraph --><\/p>\n<p><strong>Ana Manch\u00f3n Marti (La Bella Bio) no otorga ninguna<br \/>garant\u00eda ni se hace responsable, en ning\u00fan caso, de los da\u00f1os y perjuicios de<br \/>cualquier naturaleza que pudieran traer causa de:<\/strong><\/p>\n<p><!-- \/wp:paragraph --><\/p>\n<p><!-- wp:list --><\/p>\n<ul>\n<li>La falta de disponibilidad, mantenimiento y efectivo funcionamiento de la web, o de sus servicios y contenidos;<\/li>\n<li>La existencia de malware, programas maliciosos o lesivos en los contenidos;<\/li>\n<li>El uso il\u00edcito, negligente, fraudulento o contrario a este Aviso Legal;<\/li>\n<li>La falta de licitud, calidad, fiabilidad, utilidad y disponibilidad de los servicios prestados por terceros y puestos a disposici\u00f3n de los usuarios en el sitio web.<\/li>\n<li>El prestador no se hace responsable bajo ning\u00fan concepto de los da\u00f1os que pudieran dimanar del uso ilegal o indebido de la presente p\u00e1gina web.<\/li>\n<\/ul>\n<p><!-- \/wp:list --><\/p>\n<p><!-- wp:paragraph --><\/p>\n<p><span style=\"text-decoration: underline;\"><strong>Legislaci\u00f3n y fuero aplicable<\/strong><\/span><\/p>\n<p><!-- \/wp:paragraph --><\/p>\n<p><!-- wp:paragraph --><\/p>\n<p>Con car\u00e1cter general las relaciones entre La Bella Bio<br \/>con los usuarios de sus servicios telem\u00e1ticos, presentes en esta web se<br \/>encuentran sometidas a la legislaci\u00f3n de ESPA\u00d1A y a los juzgados y tribunales<br \/>de Barcelona.<\/p>\n<p><!-- \/wp:paragraph --><\/p>\n<p><!-- wp:paragraph --><\/p>\n<p><span style=\"text-decoration: underline;\"><strong>Contacto<\/strong><\/span><\/p>\n<p><!-- \/wp:paragraph --><\/p>\n<p><!-- wp:paragraph --><\/p>\n<p>En caso de que cualquier usuario tuviese alguna duda<br \/>acerca de estas Condiciones legales o cualquier comentario sobre el portal<br \/>https:\/\/la bellabio.com, por favor dir\u00edjase a info@labellabio.com.<\/p>\n<p><!-- \/wp:paragraph --><\/p>\n<p><!-- wp:paragraph --><\/p>\n<p>El aviso legal han sido actualizadas por \u00faltima vez el<br \/>10-10-2021.<\/p>\n<p><!-- \/wp:paragraph --><\/p>\n<p><!-- wp:paragraph --><\/p>\n<p><!-- \/wp:paragraph --><\/p>\n<p><!-- wp:paragraph --><\/p>\n<p><!-- \/wp:paragraph --><\/p>\t\t\t\t\t<\/div>\n\t\t\t\t\t\t<\/div>\n\t\t\t\t<\/div>\n\t\t\t\t\t\t<\/div>\n\t\t\t\t\t<\/div>\n\t\t<\/div>\n\t\t\t\t\t\t\t\t<\/div>\n\t\t\t\t\t<\/div>\n\t\t<\/section>\n\t\t\t\t\t\t\t\t\t<\/div>\n\t\t\t<\/div>\n\t\t\t\t\t<\/div>\n\t\t<!-- AddThis Advanced Settings generic via filter on the_content --><!-- AddThis Share Buttons generic via filter on the_content -->","protected":false},"excerpt":{"rendered":"<p>Datos del Responsable Identidad del Responsable: Ana Manch\u00f3n Marti Nombre comercial: La Bella Bio NIF\/CIF: 44016854-Y Direcci\u00f3n: Fra Francesc Eiximenis, 14 1\u00ba2\u00ba Parets del Vall\u00e9s (Barcelona) Correo electr\u00f3nico: info@labellabio.com En&hellip;&nbsp;<a href=\"https:\/\/labellabio.com\/index.php\/nota-legal\/\" class=\"\" rel=\"bookmark\">Leer m\u00e1s &raquo;<span class=\"screen-reader-text\">NOTA LEGAL<\/span><\/a><!-- AddThis Advanced Settings generic via filter on get_the_excerpt --><!-- AddThis Share Buttons generic via filter on get_the_excerpt --><\/p>\n","protected":false},"author":1,"featured_media":0,"parent":0,"menu_order":0,"comment_status":"closed","ping_status":"open","template":"","meta":{"footnotes":""},"class_list":["post-2","page","type-page","status-publish","hentry"],"_links":{"self":[{"href":"https:\/\/labellabio.com\/index.php\/wp-json\/wp\/v2\/pages\/2","targetHints":{"allow":["GET"]}}],"collection":[{"href":"https:\/\/labellabio.com\/index.php\/wp-json\/wp\/v2\/pages"}],"about":[{"href":"https:\/\/labellabio.com\/index.php\/wp-json\/wp\/v2\/types\/page"}],"author":[{"embeddable":true,"href":"https:\/\/labellabio.com\/index.php\/wp-json\/wp\/v2\/users\/1"}],"replies":[{"embeddable":true,"href":"https:\/\/labellabio.com\/index.php\/wp-json\/wp\/v2\/comments?post=2"}],"version-history":[{"count":9,"href":"https:\/\/labellabio.com\/index.php\/wp-json\/wp\/v2\/pages\/2\/revisions"}],"predecessor-version":[{"id":1217,"href":"https:\/\/labellabio.com\/index.php\/wp-json\/wp\/v2\/pages\/2\/revisions\/1217"}],"wp:attachment":[{"href":"https:\/\/labellabio.com\/index.php\/wp-json\/wp\/v2\/media?parent=2"}],"curies":[{"name":"wp","href":"https:\/\/api.w.org\/{rel}","templated":true}]}}